{"id":7,"date":"2022-10-13T14:51:53","date_gmt":"2022-10-13T12:51:53","guid":{"rendered":"https:\/\/kunden.werbestudio-hild.de\/dav\/?page_id=2"},"modified":"2025-03-31T11:39:02","modified_gmt":"2025-03-31T09:39:02","slug":"home","status":"publish","type":"page","link":"https:\/\/www.d-a-v.de\/leichte-sprache\/","title":{"rendered":"Home"},"content":{"rendered":"<div id=\"hero-block_07d960fd4f4ff3cf83f025c7a35789a5\" class=\"hero\">\n    <div class=\"overlay\"><\/div>\n    <div class=\"slogan\">DIREKT AUSGEZEICHNET VERBINDLICH<\/div>\n    <div class=\"scroll-container\">\n        <div class=\"scroller\"><\/div>\n    <\/div>\n<\/div>\n\n<div id=\"content\"><\/div>\n\n<style type=\"text\/css\">\n        #hero-block_07d960fd4f4ff3cf83f025c7a35789a5 {\n            position: relative;\n            width: 100vw;\n            top: 100px;\n            height: calc(100vh - 100px);\n            background-image: url(https:\/\/www.d-a-v.de\/leichte-sprache\/wp-content\/uploads\/sites\/2\/2022\/10\/startheader_11_2020.jpg);\n            background-attachment: fixed;\n            background-position: center;\n            background-size: cover;\n            transition: all 1s;\n            box-shadow: rgb(0 0 0 \/ 69%) 0px 86px 56px -12px inset, rgb(129 148 162 \/ 48%) 0px 198px 36px -18px inset;\n            margin-bottom:100px;\n        }\n        .slogan {\n            position: absolute;\n            font-size: 5vw;\n            font-weight: 900;\n            color: #fff;\n            z-index: 2;\n            padding: 30vh 25vw;\n            text-align: center;\n            font-family: 'Raleway', sans-serif;\n            text-transform: uppercase;\n        }\n\n        .slogan i {\n            font-size: 22px;\n            font-weight: 700;\n            letter-spacing: 1px;\n        }\n        .overlay{\n            width: 100%;\n            height: 100%;\n            z-index: 1;\n            position: absolute;\n            background-color: #111;\n            opacity: 0        }\n        @media(max-width:1024px){\n        #hero-block_07d960fd4f4ff3cf83f025c7a35789a5{\n                    background-attachment: scroll;\n                }\n        }\n    <\/style>\n\n\n<div class=\"wp-block-group badge\"><div class=\"wp-block-group__inner-container is-layout-constrained wp-block-group-is-layout-constrained\">\n<p><a href=\"https:\/\/www.d-a-v.de\/jobs\/\" data-type=\"page\" data-id=\"61\">Wir suchen <strong>DICH<\/strong><\/a><\/p>\n<\/div><\/div>\n\n\n\n<div class=\"wp-block-group alignwide\"><div class=\"wp-block-group__inner-container is-layout-flow wp-block-group-is-layout-flow\">\n<div style=\"height:120px\" aria-hidden=\"true\" class=\"wp-block-spacer\"><\/div>\n\n\n\n<h2 class=\"wp-block-heading has-text-align-left highlightborder\"><br>DAV Geb\u00e4ude\u2219reinigung <strong><br>Willkommen<\/strong><\/h2>\n\n\n\n<p class=\"has-text-align-left blocksatz\">Wir sind ein Geb\u00e4ude\u2219dienst\u2219leister aus Bielefeld.<br>Seit \u00fcber 90 Jahren bieten wir viele Leistungen an.<br>Wir bieten verschiedene Reinigungen von Geb\u00e4uden an.<br>Und wir k\u00fcmmern uns um die Haus\u2219verwaltung von Geb\u00e4uden.<\/p>\n\n\n\n<div style=\"height:50px\" aria-hidden=\"true\" class=\"wp-block-spacer\"><\/div>\n\n\n\n<h2 class=\"wp-block-heading has-text-align-left\">Unsere Leistungen:<\/h2>\n\n\n\n<ul class=\"wp-block-list\">\n<li>Sonder\u2219reinigung<\/li>\n\n\n\n<li>Boden\u2219erneuerung<\/li>\n\n\n\n<li>Geb\u00e4ude\u2219organisation<\/li>\n\n\n\n<li>Unterhalts\u2219reinigung<\/li>\n<\/ul>\n\n\n\n<div style=\"height:50px\" aria-hidden=\"true\" class=\"wp-block-spacer\"><\/div>\n\n\n\n<h3 class=\"wp-block-heading\">Wir bieten Ihnen sehr gute L\u00f6sungen an.<\/h3>\n\n\n\n<p>Wir arbeiten:<\/p>\n\n\n\n<ul class=\"wp-block-list\">\n<li>fach\u2219gerecht,<\/li>\n\n\n\n<li>sehr sorgf\u00e4ltig,&nbsp;<\/li>\n\n\n\n<li>mit der neuesten Technik.<\/li>\n<\/ul>\n\n\n\n<p>Wir freuen uns auf Sie!<\/p>\n\n\n\n<div style=\"height:56px\" aria-hidden=\"true\" class=\"wp-block-spacer\"><\/div>\n<\/div><\/div>\n\n\n\n<div class=\"wp-block-group alignfull parallax\"><div class=\"wp-block-group__inner-container is-layout-flow wp-block-group-is-layout-flow\">\n<div class=\"wp-block-cover alignfull is-light has-parallax\"><span aria-hidden=\"true\" class=\"wp-block-cover__background has-background-dim-80 has-background-dim\" style=\"background-color:#d6d6d6\"><\/span><div class=\"wp-block-cover__image-background wp-image-8 has-parallax\" style=\"background-position:50% 50%;background-image:url(https:\/\/www.d-a-v.de\/leichte-sprache\/wp-content\/uploads\/sites\/2\/2022\/10\/dav_header.jpg)\"><\/div><div class=\"wp-block-cover__inner-container is-layout-flow wp-block-cover-is-layout-flow\">\n<div class=\"wp-block-group\"><div class=\"wp-block-group__inner-container is-layout-flow wp-block-group-is-layout-flow\">\n<div style=\"height:120px\" aria-hidden=\"true\" class=\"wp-block-spacer\"><\/div>\n\n\n\n<h2 class=\"wp-block-heading has-text-align-center\">WIR SIND<br><mark style=\"background-color:rgba(0, 0, 0, 0);color:#158bbf\" class=\"has-inline-color\">AUSGEZEICHNET<\/mark><\/h2>\n\n\n\n<div class=\"wp-block-columns alignwide is-layout-flex wp-container-core-columns-is-layout-9d6595d7 wp-block-columns-is-layout-flex\">\n<div class=\"wp-block-column has-black-color has-text-color has-background is-layout-flow wp-block-column-is-layout-flow\" style=\"background-color:#ffffffad\"><div class=\"wp-block-coblocks-icon has-text-align-center\">\n\t\t\t\t<div class=\"wp-block-coblocks-icon__inner has-text-color has-vivid-cyan-blue-color\" style=\"height: 120px; width: 120px;\">\n\t\t\t\t\t<svg fill=\"none\" xmlns=\"http:\/\/www.w3.org\/2000\/svg\" viewBox=\"0 0 24 24\"><path d=\"M6 13c-.55 0-1 .45-1 1s.45 1 1 1 1-.45 1-1-.45-1-1-1zm0 4c-.55 0-1 .45-1 1s.45 1 1 1 1-.45 1-1-.45-1-1-1zm0-8c-.55 0-1 .45-1 1s.45 1 1 1 1-.45 1-1-.45-1-1-1zm-3 .5c-.28 0-.5.22-.5.5s.22.5.5.5.5-.22.5-.5-.22-.5-.5-.5zM6 5c-.55 0-1 .45-1 1s.45 1 1 1 1-.45 1-1-.45-1-1-1zm15 5.5c.28 0 .5-.22.5-.5s-.22-.5-.5-.5-.5.22-.5.5.22.5.5.5zM14 7c.55 0 1-.45 1-1s-.45-1-1-1-1 .45-1 1 .45 1 1 1zm0-3.5c.28 0 .5-.22.5-.5s-.22-.5-.5-.5-.5.22-.5.5.22.5.5.5zm-11 10c-.28 0-.5.22-.5.5s.22.5.5.5.5-.22.5-.5-.22-.5-.5-.5zm7 7c-.28 0-.5.22-.5.5s.22.5.5.5.5-.22.5-.5-.22-.5-.5-.5zm0-17c.28 0 .5-.22.5-.5s-.22-.5-.5-.5-.5.22-.5.5.22.5.5.5zM10 7c.55 0 1-.45 1-1s-.45-1-1-1-1 .45-1 1 .45 1 1 1zm0 5.5c-.83 0-1.5.67-1.5 1.5s.67 1.5 1.5 1.5 1.5-.67 1.5-1.5-.67-1.5-1.5-1.5zm8 .5c-.55 0-1 .45-1 1s.45 1 1 1 1-.45 1-1-.45-1-1-1zm0 4c-.55 0-1 .45-1 1s.45 1 1 1 1-.45 1-1-.45-1-1-1zm0-8c-.55 0-1 .45-1 1s.45 1 1 1 1-.45 1-1-.45-1-1-1zm0-4c-.55 0-1 .45-1 1s.45 1 1 1 1-.45 1-1-.45-1-1-1zm3 8.5c-.28 0-.5.22-.5.5s.22.5.5.5.5-.22.5-.5-.22-.5-.5-.5zM14 17c-.55 0-1 .45-1 1s.45 1 1 1 1-.45 1-1-.45-1-1-1zm0 3.5c-.28 0-.5.22-.5.5s.22.5.5.5.5-.22.5-.5-.22-.5-.5-.5zm-4-12c-.83 0-1.5.67-1.5 1.5s.67 1.5 1.5 1.5 1.5-.67 1.5-1.5-.67-1.5-1.5-1.5zm0 8.5c-.55 0-1 .45-1 1s.45 1 1 1 1-.45 1-1-.45-1-1-1zm4-4.5c-.83 0-1.5.67-1.5 1.5s.67 1.5 1.5 1.5 1.5-.67 1.5-1.5-.67-1.5-1.5-1.5zm0-4c-.83 0-1.5.67-1.5 1.5s.67 1.5 1.5 1.5 1.5-.67 1.5-1.5-.67-1.5-1.5-1.5z\" fill=\"currentColor\" \/><\/svg>\n\t\t\t\t<\/div>\n\t\t\t<\/div>\n\n\n<h3 class=\"wp-block-heading has-text-align-center\"><a data-type=\"link\" data-id=\"1\/DAV-QV-Zertifikat-scaled.jpg\" href=\"\/\/kunden.werbestudio-hild.de\/dav2025\/wp-content\/uploads\/2024\/03\/QV-Zertifikat-2-1.png\" target=\"_blank\" rel=\"noreferrer noopener\">Wir sind Mitglied im Qualit\u00e4ts\u2219verbund f\u00fcr Geb\u00e4ude\u2219dienste<\/a><\/h3>\n\n\n\n<p class=\"has-text-align-center has-small-font-size\"><a href=\"\/\/kunden.werbestudio-hild.de\/dav2025\/wp-content\/uploads\/2024\/03\/QV-Zertifikat-2-1.png\">(Zertifikat als PDF-Datei anzeigen)<\/a><\/p>\n<\/div>\n\n\n\n<div class=\"wp-block-column has-background is-layout-flow wp-block-column-is-layout-flow\" style=\"background-color:#ffffffad\"><div class=\"wp-block-coblocks-icon has-text-align-center\">\n\t\t\t\t<div class=\"wp-block-coblocks-icon__inner has-text-color has-vivid-cyan-blue-color\" style=\"height: 120px; width: 120px;\">\n\t\t\t\t\t<svg fill=\"none\" viewBox=\"0 0 24 24\" xmlns=\"http:\/\/www.w3.org\/2000\/svg\"><path d=\"m12.0026 7.67357c-2.3621 0-4.25762 1.92468-4.25762 4.25763 0 2.3621 1.92468 4.2576 4.25762 4.2576 2.3621 0 4.2576-1.9247 4.2576-4.2576 0-2.33295-1.8955-4.25763-4.2576-4.25763zm.3208 5.36573-.9624.9624-.9623-.9624-.93318-.9331.96238-.9624.9331.9332 2.2163-2.2163.9624.9623zm8.1944-2.3037c-.3791-.35-.5249-.90406-.3207-1.37065l.1749-.43742c.2917-.67072-.0875-1.42893-.7873-1.63306l-.4666-.11665c-.4958-.14581-.8457-.58324-.8749-1.10815v-.49575c-.0291-.72904-.6999-1.25396-1.3997-1.13731l-.4666.08749c-.5249.08748-1.0207-.14581-1.254-.6124l-.2333-.40827c-.3499-.64155-1.1665-.81653-1.7497-.40826l-.3791.26246c-.4083.29161-.9915.29161-1.3998 0l-.3791-.29162c-.5832-.43743-1.42889-.2333-1.77883.40826l-.23329.40827c-.26246.46659-.75821.69988-1.28312.6124l-.46659-.08749c-.72905-.11665-1.37061.40826-1.42893 1.13731l-.02916.46659c-.02916.52491-.3791.96234-.87485 1.10815l-.46659.1458c-.69989.20414-1.07899.96234-.78737 1.63306l.17497.43743c.20413.46659.05832 1.02071-.32078 1.37061l-.34994.3208c-.55408.4666-.55408 1.3414 0 1.808l.34994.3208c.3791.3499.52491.904.32078 1.3706l-.17497.4374c-.29162.6707.08748 1.4289.78737 1.6331l.46659.1166c.49575.1458.84569.5833.87485 1.1082l.02916.4666c.02916.729.69988 1.2539 1.39977 1.1373l.46658-.0875c.52492-.0875 1.02067.1458 1.25396.6124l.2333.4082c.34994.6416 1.16645.8166 1.74975.4083l.3791-.2624c.4082-.2917.9915-.2917 1.3997 0l.3791.2916c.5833.4374 1.429.2333 1.7789-.4083l.2333-.4083c.2624-.4665.7582-.6998 1.2831-.6124l.4666.0875c.729.1167 1.3706-.4082 1.4289-1.1373l.0292-.4666c.0291-.5249.3791-.9623.8748-1.1081l.4666-.1167c.6999-.2041 1.079-.9623.7874-1.633l-.175-.4375c-.2041-.4665-.0583-1.0206.3208-1.3706l.3499-.3207c.5541-.4666.5541-1.3415 0-1.8081zm-8.5152 7.1154c-3.26612 0-5.89068-2.6537-5.89068-5.8906 0-3.26617 2.65372-5.89073 5.89068-5.89073 3.2661 0 5.8907 2.65372 5.8907 5.89073 0 3.2369-2.6246 5.8906-5.8907 5.8906z\" fill=\"currentColor\"\/><\/svg>\n\n\t\t\t\t<\/div>\n\t\t\t<\/div>\n\n\n<h3 class=\"wp-block-heading has-text-align-center\"><a href=\"https:\/\/www.d-a-v.de\/leichte-sprache\/wp-content\/uploads\/sites\/2\/2024\/03\/ISO-14001-Zertifikat-1.png\" data-type=\"attachment\" data-id=\"1450\" target=\"_blank\" rel=\"noreferrer noopener\">Wir k\u00fcmmern uns um die Umwelt. Wir achten darauf, dass sie gesch\u00fctzt wird.<\/a><\/h3>\n\n\n\n<p class=\"has-text-align-center has-small-font-size\"><a href=\"https:\/\/www.d-a-v.de\/leichte-sprache\/wp-content\/uploads\/sites\/2\/2024\/03\/ISO-14001-Zertifikat-1.png\" target=\"_blank\" rel=\"noreferrer noopener\">(Zertifikat als PDF-Datei anzeigen)<\/a><\/p>\n<\/div>\n\n\n\n<div class=\"wp-block-column has-background is-layout-flow wp-block-column-is-layout-flow\" style=\"background-color:#ffffffad\"><div class=\"wp-block-coblocks-icon has-text-align-center\">\n\t\t\t\t<div class=\"wp-block-coblocks-icon__inner has-text-color has-vivid-cyan-blue-color\" style=\"height: 120px; width: 120px;\">\n\t\t\t\t\t<svg fill=\"none\" viewBox=\"0 0 24 24\" xmlns=\"http:\/\/www.w3.org\/2000\/svg\"><path d=\"m9.94924 3.75h-5.19924c-.55228 0-1 .44772-1 1v14.5c0 .5523.44772 1 1 1h14.5313c.5523 0 1-.4477 1-1v-5.6458\" stroke=\"currentColor\" stroke-width=\"1.5\" fill=\"none\"\/><path d=\"m16.8656 9.85.9234-2.02354 2.0235-.92336-2.0235-.92336-.9234-2.02354-.9234 2.02354-2.0235.92336 2.0235.92336zm-3.6836.7367-1.2279-2.7013-1.2279 2.7013-2.7013 1.2279 2.7013 1.2279 1.2279 2.7013 1.2279-2.7013 2.7013-1.2279z\" fill=\"currentColor\"\/><\/svg>\n\n\t\t\t\t<\/div>\n\t\t\t<\/div>\n\n\n<h3 class=\"wp-block-heading has-text-align-center\"><a href=\"https:\/\/www.d-a-v.de\/leichte-sprache\/wp-content\/uploads\/sites\/2\/2024\/03\/ISO-9001-Zertifikat-1.png\" data-type=\"attachment\" data-id=\"1450\" target=\"_blank\" rel=\"noreferrer noopener\">Wir achten drauf, dass alles gut gemacht wird und die Menschen zufrieden sind.<\/a><\/h3>\n\n\n\n<p class=\"has-text-align-center has-small-font-size\"><a href=\"https:\/\/www.d-a-v.de\/leichte-sprache\/wp-content\/uploads\/sites\/2\/2024\/03\/ISO-9001-Zertifikat-1.png\" target=\"_blank\" rel=\"noreferrer noopener\">(Zertifikat als PDF-Datei anzeigen)<\/a><\/p>\n<\/div>\n<\/div>\n\n\n\n<div style=\"height:120px\" aria-hidden=\"true\" class=\"wp-block-spacer\"><\/div>\n<\/div><\/div>\n<\/div><\/div>\n<\/div><\/div>\n\n\n\n<div class=\"wp-block-group alignfull\" id=\"kontakt\"><div class=\"wp-block-group__inner-container is-layout-flow wp-block-group-is-layout-flow\">\n<div style=\"height:50px\" aria-hidden=\"true\" class=\"wp-block-spacer\"><\/div>\n\n\n\n<div class=\"wp-block-columns alignwide is-layout-flex wp-container-core-columns-is-layout-9d6595d7 wp-block-columns-is-layout-flex\">\n<div class=\"wp-block-column is-layout-flow wp-block-column-is-layout-flow\">\n<figure class=\"wp-block-image size-full is-resized\"><img loading=\"lazy\" decoding=\"async\" width=\"600\" height=\"200\" src=\"https:\/\/www.d-a-v.de\/wp-content\/uploads\/2022\/10\/dav_logo_blau.png\" alt=\"\" class=\"wp-image-158\" style=\"width:170px;height:57px\" srcset=\"https:\/\/www.d-a-v.de\/leichte-sprache\/wp-content\/uploads\/sites\/2\/2022\/10\/dav_logo_blau.png 600w, https:\/\/www.d-a-v.de\/leichte-sprache\/wp-content\/uploads\/sites\/2\/2022\/10\/dav_logo_blau-300x100.png 300w\" sizes=\"auto, (max-width: 600px) 100vw, 600px\" \/><\/figure>\n\n\n\n<p><strong>DAV Geb\u00e4udereinigung<\/strong><br>Ludwig Davidsohn GmbH &amp; Co.<br>Winterstra\u00dfe 51b<br>33649 Bielefeld<\/p>\n<\/div>\n\n\n\n<div class=\"wp-block-column is-layout-flow wp-block-column-is-layout-flow\">\n<h3 class=\"wp-block-heading has-text-align-left\"><strong>Unsere B\u00fcrozeite<\/strong>n<br><\/h3>\n\n\n\n<p><strong>Montag bis Donnerstag<\/strong><br>07.45 &#8211; 16.30 Uhr<\/p>\n\n\n\n<p><strong>Freitag<\/strong><br>07.45 &#8211; 14.15 Uhr<\/p>\n<\/div>\n\n\n\n<div class=\"wp-block-column is-layout-flow wp-block-column-is-layout-flow\">\n<h3 class=\"wp-block-heading has-text-align-left\"><strong>Wir freuen uns auf Sie<\/strong><br><\/h3>\n\n\n\n<p><strong><a href=\"mailto:info@d-a-v.de\">info@d-a-v.de<\/a><\/strong><br>0521 &#8211; 400 230<\/p>\n<\/div>\n<\/div>\n\n\n\n<div style=\"height:50px\" aria-hidden=\"true\" class=\"wp-block-spacer\"><\/div>\n<\/div><\/div>\n","protected":false},"excerpt":{"rendered":"<p>Wir suchen DICH DAV Geb\u00e4ude\u2219reinigung Willkommen Wir sind ein Geb\u00e4ude\u2219dienst\u2219leister [&hellip;]<\/p>\n","protected":false},"author":1,"featured_media":254,"parent":0,"menu_order":0,"comment_status":"closed","ping_status":"open","template":"page-templates\/template-barrierefrei.php","meta":{"_acf_changed":false,"_uag_custom_page_level_css":"","_coblocks_attr":"","_coblocks_dimensions":"","_coblocks_responsive_height":"","_coblocks_accordion_ie_support":"","footnotes":""},"class_list":["post-7","page","type-page","status-publish","has-post-thumbnail","hentry"],"acf":[],"yoast_head":"<!-- This site is optimized with the Yoast SEO plugin v27.2 - https:\/\/yoast.com\/product\/yoast-seo-wordpress\/ -->\n<title>Home - DAV Geb\u00e4udereinigung in Leichter Sprache<\/title>\n<meta name=\"robots\" content=\"noindex, follow, max-snippet:-1, max-image-preview:large, max-video-preview:-1\" \/>\n<meta property=\"og:locale\" content=\"de_DE\" \/>\n<meta property=\"og:type\" content=\"article\" \/>\n<meta property=\"og:title\" content=\"Home - DAV Geb\u00e4udereinigung in Leichter Sprache\" \/>\n<meta property=\"og:description\" content=\"Wir suchen DICH DAV Geb\u00e4ude\u2219reinigung Willkommen Wir sind ein Geb\u00e4ude\u2219dienst\u2219leister [&hellip;]\" \/>\n<meta property=\"og:url\" content=\"https:\/\/www.d-a-v.de\/leichte-sprache\/\" \/>\n<meta property=\"og:site_name\" content=\"DAV Geb\u00e4udereinigung in Leichter Sprache\" \/>\n<meta property=\"article:modified_time\" content=\"2025-03-31T09:39:02+00:00\" \/>\n<meta property=\"og:image\" content=\"https:\/\/www.d-a-v.de\/leichte-sprache\/wp-content\/uploads\/sites\/2\/2022\/10\/dav_main_slider_1.jpg\" \/>\n\t<meta property=\"og:image:width\" content=\"2000\" \/>\n\t<meta property=\"og:image:height\" content=\"1335\" \/>\n\t<meta property=\"og:image:type\" content=\"image\/jpeg\" \/>\n<meta name=\"twitter:card\" content=\"summary_large_image\" \/>\n<meta name=\"twitter:label1\" content=\"Gesch\u00e4tzte Lesezeit\" \/>\n\t<meta name=\"twitter:data1\" content=\"2\u00a0Minuten\" \/>\n<script type=\"application\/ld+json\" class=\"yoast-schema-graph\">{\"@context\":\"https:\/\/schema.org\",\"@graph\":[{\"@type\":\"WebPage\",\"@id\":\"https:\/\/www.d-a-v.de\/leichte-sprache\/\",\"url\":\"https:\/\/www.d-a-v.de\/leichte-sprache\/\",\"name\":\"Home - DAV Geb\u00e4udereinigung in Leichter Sprache\",\"isPartOf\":{\"@id\":\"https:\/\/www.d-a-v.de\/leichte-sprache\/#website\"},\"primaryImageOfPage\":{\"@id\":\"https:\/\/www.d-a-v.de\/leichte-sprache\/#primaryimage\"},\"image\":{\"@id\":\"https:\/\/www.d-a-v.de\/leichte-sprache\/#primaryimage\"},\"thumbnailUrl\":\"https:\/\/www.d-a-v.de\/leichte-sprache\/wp-content\/uploads\/sites\/2\/2022\/10\/dav_main_slider_1.jpg\",\"datePublished\":\"2022-10-13T12:51:53+00:00\",\"dateModified\":\"2025-03-31T09:39:02+00:00\",\"breadcrumb\":{\"@id\":\"https:\/\/www.d-a-v.de\/leichte-sprache\/#breadcrumb\"},\"inLanguage\":\"de\",\"potentialAction\":[{\"@type\":\"ReadAction\",\"target\":[\"https:\/\/www.d-a-v.de\/leichte-sprache\/\"]}]},{\"@type\":\"ImageObject\",\"inLanguage\":\"de\",\"@id\":\"https:\/\/www.d-a-v.de\/leichte-sprache\/#primaryimage\",\"url\":\"https:\/\/www.d-a-v.de\/leichte-sprache\/wp-content\/uploads\/sites\/2\/2022\/10\/dav_main_slider_1.jpg\",\"contentUrl\":\"https:\/\/www.d-a-v.de\/leichte-sprache\/wp-content\/uploads\/sites\/2\/2022\/10\/dav_main_slider_1.jpg\",\"width\":2000,\"height\":1335},{\"@type\":\"BreadcrumbList\",\"@id\":\"https:\/\/www.d-a-v.de\/leichte-sprache\/#breadcrumb\",\"itemListElement\":[{\"@type\":\"ListItem\",\"position\":1,\"name\":\"Startseite\",\"item\":\"https:\/\/www.d-a-v.de\/leichte-sprache\/\"},{\"@type\":\"ListItem\",\"position\":2,\"name\":\"Home\"}]},{\"@type\":\"WebSite\",\"@id\":\"https:\/\/www.d-a-v.de\/leichte-sprache\/#website\",\"url\":\"https:\/\/www.d-a-v.de\/leichte-sprache\/\",\"name\":\"DAV Geb\u00e4udereinigung in Leichter Sprache\",\"description\":\"\",\"potentialAction\":[{\"@type\":\"SearchAction\",\"target\":{\"@type\":\"EntryPoint\",\"urlTemplate\":\"https:\/\/www.d-a-v.de\/leichte-sprache\/?s={search_term_string}\"},\"query-input\":{\"@type\":\"PropertyValueSpecification\",\"valueRequired\":true,\"valueName\":\"search_term_string\"}}],\"inLanguage\":\"de\"}]}<\/script>\n<!-- \/ Yoast SEO plugin. -->","yoast_head_json":{"title":"Home - DAV Geb\u00e4udereinigung in Leichter Sprache","robots":{"index":"noindex","follow":"follow","max-snippet":"max-snippet:-1","max-image-preview":"max-image-preview:large","max-video-preview":"max-video-preview:-1"},"og_locale":"de_DE","og_type":"article","og_title":"Home - DAV Geb\u00e4udereinigung in Leichter Sprache","og_description":"Wir suchen DICH DAV Geb\u00e4ude\u2219reinigung Willkommen Wir sind ein Geb\u00e4ude\u2219dienst\u2219leister [&hellip;]","og_url":"https:\/\/www.d-a-v.de\/leichte-sprache\/","og_site_name":"DAV Geb\u00e4udereinigung in Leichter Sprache","article_modified_time":"2025-03-31T09:39:02+00:00","og_image":[{"width":2000,"height":1335,"url":"https:\/\/www.d-a-v.de\/leichte-sprache\/wp-content\/uploads\/sites\/2\/2022\/10\/dav_main_slider_1.jpg","type":"image\/jpeg"}],"twitter_card":"summary_large_image","twitter_misc":{"Gesch\u00e4tzte Lesezeit":"2\u00a0Minuten"},"schema":{"@context":"https:\/\/schema.org","@graph":[{"@type":"WebPage","@id":"https:\/\/www.d-a-v.de\/leichte-sprache\/","url":"https:\/\/www.d-a-v.de\/leichte-sprache\/","name":"Home - DAV Geb\u00e4udereinigung in Leichter Sprache","isPartOf":{"@id":"https:\/\/www.d-a-v.de\/leichte-sprache\/#website"},"primaryImageOfPage":{"@id":"https:\/\/www.d-a-v.de\/leichte-sprache\/#primaryimage"},"image":{"@id":"https:\/\/www.d-a-v.de\/leichte-sprache\/#primaryimage"},"thumbnailUrl":"https:\/\/www.d-a-v.de\/leichte-sprache\/wp-content\/uploads\/sites\/2\/2022\/10\/dav_main_slider_1.jpg","datePublished":"2022-10-13T12:51:53+00:00","dateModified":"2025-03-31T09:39:02+00:00","breadcrumb":{"@id":"https:\/\/www.d-a-v.de\/leichte-sprache\/#breadcrumb"},"inLanguage":"de","potentialAction":[{"@type":"ReadAction","target":["https:\/\/www.d-a-v.de\/leichte-sprache\/"]}]},{"@type":"ImageObject","inLanguage":"de","@id":"https:\/\/www.d-a-v.de\/leichte-sprache\/#primaryimage","url":"https:\/\/www.d-a-v.de\/leichte-sprache\/wp-content\/uploads\/sites\/2\/2022\/10\/dav_main_slider_1.jpg","contentUrl":"https:\/\/www.d-a-v.de\/leichte-sprache\/wp-content\/uploads\/sites\/2\/2022\/10\/dav_main_slider_1.jpg","width":2000,"height":1335},{"@type":"BreadcrumbList","@id":"https:\/\/www.d-a-v.de\/leichte-sprache\/#breadcrumb","itemListElement":[{"@type":"ListItem","position":1,"name":"Startseite","item":"https:\/\/www.d-a-v.de\/leichte-sprache\/"},{"@type":"ListItem","position":2,"name":"Home"}]},{"@type":"WebSite","@id":"https:\/\/www.d-a-v.de\/leichte-sprache\/#website","url":"https:\/\/www.d-a-v.de\/leichte-sprache\/","name":"DAV Geb\u00e4udereinigung in Leichter Sprache","description":"","potentialAction":[{"@type":"SearchAction","target":{"@type":"EntryPoint","urlTemplate":"https:\/\/www.d-a-v.de\/leichte-sprache\/?s={search_term_string}"},"query-input":{"@type":"PropertyValueSpecification","valueRequired":true,"valueName":"search_term_string"}}],"inLanguage":"de"}]}},"uagb_featured_image_src":{"full":["https:\/\/www.d-a-v.de\/leichte-sprache\/wp-content\/uploads\/sites\/2\/2022\/10\/dav_main_slider_1.jpg",2000,1335,false],"thumbnail":["https:\/\/www.d-a-v.de\/leichte-sprache\/wp-content\/uploads\/sites\/2\/2022\/10\/dav_main_slider_1-150x150.jpg",150,150,true],"medium":["https:\/\/www.d-a-v.de\/leichte-sprache\/wp-content\/uploads\/sites\/2\/2022\/10\/dav_main_slider_1-300x200.jpg",300,200,true],"medium_large":["https:\/\/www.d-a-v.de\/leichte-sprache\/wp-content\/uploads\/sites\/2\/2022\/10\/dav_main_slider_1-768x513.jpg",768,513,true],"large":["https:\/\/www.d-a-v.de\/leichte-sprache\/wp-content\/uploads\/sites\/2\/2022\/10\/dav_main_slider_1-1024x684.jpg",1024,684,true],"1536x1536":["https:\/\/www.d-a-v.de\/leichte-sprache\/wp-content\/uploads\/sites\/2\/2022\/10\/dav_main_slider_1-1536x1025.jpg",1536,1025,true],"2048x2048":["https:\/\/www.d-a-v.de\/leichte-sprache\/wp-content\/uploads\/sites\/2\/2022\/10\/dav_main_slider_1.jpg",2000,1335,false]},"uagb_author_info":{"display_name":"davadmin","author_link":"https:\/\/www.d-a-v.de\/leichte-sprache\/author\/davadmin\/"},"uagb_comment_info":0,"uagb_excerpt":"Wir suchen DICH DAV Geb\u00e4ude\u2219reinigung Willkommen Wir sind ein Geb\u00e4ude\u2219dienst\u2219leister [&hellip;]","_links":{"self":[{"href":"https:\/\/www.d-a-v.de\/leichte-sprache\/wp-json\/wp\/v2\/pages\/7","targetHints":{"allow":["GET"]}}],"collection":[{"href":"https:\/\/www.d-a-v.de\/leichte-sprache\/wp-json\/wp\/v2\/pages"}],"about":[{"href":"https:\/\/www.d-a-v.de\/leichte-sprache\/wp-json\/wp\/v2\/types\/page"}],"author":[{"embeddable":true,"href":"https:\/\/www.d-a-v.de\/leichte-sprache\/wp-json\/wp\/v2\/users\/1"}],"replies":[{"embeddable":true,"href":"https:\/\/www.d-a-v.de\/leichte-sprache\/wp-json\/wp\/v2\/comments?post=7"}],"version-history":[{"count":28,"href":"https:\/\/www.d-a-v.de\/leichte-sprache\/wp-json\/wp\/v2\/pages\/7\/revisions"}],"predecessor-version":[{"id":3015,"href":"https:\/\/www.d-a-v.de\/leichte-sprache\/wp-json\/wp\/v2\/pages\/7\/revisions\/3015"}],"wp:featuredmedia":[{"embeddable":true,"href":"https:\/\/www.d-a-v.de\/leichte-sprache\/wp-json\/wp\/v2\/media\/254"}],"wp:attachment":[{"href":"https:\/\/www.d-a-v.de\/leichte-sprache\/wp-json\/wp\/v2\/media?parent=7"}],"curies":[{"name":"wp","href":"https:\/\/api.w.org\/{rel}","templated":true}]}}