{"id":63,"date":"2022-10-13T16:10:43","date_gmt":"2022-10-13T14:10:43","guid":{"rendered":"https:\/\/kunden.werbestudio-hild.de\/dav\/?page_id=63"},"modified":"2025-03-31T11:05:35","modified_gmt":"2025-03-31T09:05:35","slug":"wir","status":"publish","type":"page","link":"https:\/\/www.d-a-v.de\/leichte-sprache\/wir\/","title":{"rendered":"Wir"},"content":{"rendered":"<div id=\"hero-block_687280f04331b9592e0e5d0c524c7ef9\" class=\"hero\">\n    <div class=\"overlay\"><\/div>\n    <div class=\"slogan\"><\/div>\n    <div class=\"scroll-container\">\n        <div class=\"scroller\"><\/div>\n    <\/div>\n<\/div>\n\n<div id=\"content\"><\/div>\n\n<style type=\"text\/css\">\n        #hero-block_687280f04331b9592e0e5d0c524c7ef9 {\n            position: relative;\n            width: 100vw;\n            top: 100px;\n            height: calc(70vh - 100px);\n            background-image: url(https:\/\/www.d-a-v.de\/leichte-sprache\/wp-content\/uploads\/sites\/2\/2022\/10\/startheader_11_2020.jpg);\n            background-attachment: fixed;\n            background-position: center;\n            background-size: cover;\n            transition: all 1s;\n            box-shadow: rgb(0 0 0 \/ 69%) 0px 86px 56px -12px inset, rgb(129 148 162 \/ 48%) 0px 198px 36px -18px inset;\n            margin-bottom:100px;\n        }\n        .slogan {\n            position: absolute;\n            font-size: 5vw;\n            font-weight: 900;\n            color: #fff;\n            z-index: 2;\n            padding: 30vh 25vw;\n            text-align: center;\n            font-family: 'Raleway', sans-serif;\n            text-transform: uppercase;\n        }\n\n        .slogan i {\n            font-size: 22px;\n            font-weight: 700;\n            letter-spacing: 1px;\n        }\n        .overlay{\n            width: 100%;\n            height: 100%;\n            z-index: 1;\n            position: absolute;\n            background-color: #111;\n            opacity: 0        }\n        @media(max-width:1024px){\n        #hero-block_687280f04331b9592e0e5d0c524c7ef9{\n                    background-attachment: scroll;\n                }\n        }\n    <\/style>\n\n\n<div style=\"height:100px\" aria-hidden=\"true\" class=\"wp-block-spacer\"><\/div>\n\n\n\n<div class=\"wp-block-group alignwide\"><div class=\"wp-block-group__inner-container is-layout-flow wp-block-group-is-layout-flow\">\n<h1 class=\"wp-block-heading has-text-align-left highlightborder\">DAV<\/h1>\n\n\n\n<h2 class=\"wp-block-heading has-text-align-left\"><strong>Wir erz\u00e4hlen \u00fcber das Unternehmen<\/strong><\/h2>\n<\/div><\/div>\n\n\n\n<div style=\"height:60px\" aria-hidden=\"true\" class=\"wp-block-spacer\"><\/div>\n\n\n\n<div class=\"wp-block-group\"><div class=\"wp-block-group__inner-container is-layout-flow wp-block-group-is-layout-flow\">\n<div class=\"wp-block-group alignwide\"><div class=\"wp-block-group__inner-container is-layout-constrained wp-block-group-is-layout-constrained\">\n<div class=\"wp-block-columns is-layout-flex wp-container-core-columns-is-layout-9d6595d7 wp-block-columns-is-layout-flex\">\n<div class=\"wp-block-column is-layout-flow wp-block-column-is-layout-flow\">\n<div class=\"wp-block-group counter\"><div class=\"wp-block-group__inner-container is-layout-constrained wp-block-group-is-layout-constrained\"><div class=\"wp-block-coblocks-icon has-text-align-center is-style-filled\">\n\t\t\t\t<div class=\"wp-block-coblocks-icon__inner\" style=\"height: 60px; width: 60px;\">\n\t\t\t\t\t<svg fill=\"none\" xmlns=\"http:\/\/www.w3.org\/2000\/svg\" viewBox=\"0 0 24 24\"><path d=\"M6 13c-.55 0-1 .45-1 1s.45 1 1 1 1-.45 1-1-.45-1-1-1zm0 4c-.55 0-1 .45-1 1s.45 1 1 1 1-.45 1-1-.45-1-1-1zm0-8c-.55 0-1 .45-1 1s.45 1 1 1 1-.45 1-1-.45-1-1-1zm-3 .5c-.28 0-.5.22-.5.5s.22.5.5.5.5-.22.5-.5-.22-.5-.5-.5zM6 5c-.55 0-1 .45-1 1s.45 1 1 1 1-.45 1-1-.45-1-1-1zm15 5.5c.28 0 .5-.22.5-.5s-.22-.5-.5-.5-.5.22-.5.5.22.5.5.5zM14 7c.55 0 1-.45 1-1s-.45-1-1-1-1 .45-1 1 .45 1 1 1zm0-3.5c.28 0 .5-.22.5-.5s-.22-.5-.5-.5-.5.22-.5.5.22.5.5.5zm-11 10c-.28 0-.5.22-.5.5s.22.5.5.5.5-.22.5-.5-.22-.5-.5-.5zm7 7c-.28 0-.5.22-.5.5s.22.5.5.5.5-.22.5-.5-.22-.5-.5-.5zm0-17c.28 0 .5-.22.5-.5s-.22-.5-.5-.5-.5.22-.5.5.22.5.5.5zM10 7c.55 0 1-.45 1-1s-.45-1-1-1-1 .45-1 1 .45 1 1 1zm0 5.5c-.83 0-1.5.67-1.5 1.5s.67 1.5 1.5 1.5 1.5-.67 1.5-1.5-.67-1.5-1.5-1.5zm8 .5c-.55 0-1 .45-1 1s.45 1 1 1 1-.45 1-1-.45-1-1-1zm0 4c-.55 0-1 .45-1 1s.45 1 1 1 1-.45 1-1-.45-1-1-1zm0-8c-.55 0-1 .45-1 1s.45 1 1 1 1-.45 1-1-.45-1-1-1zm0-4c-.55 0-1 .45-1 1s.45 1 1 1 1-.45 1-1-.45-1-1-1zm3 8.5c-.28 0-.5.22-.5.5s.22.5.5.5.5-.22.5-.5-.22-.5-.5-.5zM14 17c-.55 0-1 .45-1 1s.45 1 1 1 1-.45 1-1-.45-1-1-1zm0 3.5c-.28 0-.5.22-.5.5s.22.5.5.5.5-.22.5-.5-.22-.5-.5-.5zm-4-12c-.83 0-1.5.67-1.5 1.5s.67 1.5 1.5 1.5 1.5-.67 1.5-1.5-.67-1.5-1.5-1.5zm0 8.5c-.55 0-1 .45-1 1s.45 1 1 1 1-.45 1-1-.45-1-1-1zm4-4.5c-.83 0-1.5.67-1.5 1.5s.67 1.5 1.5 1.5 1.5-.67 1.5-1.5-.67-1.5-1.5-1.5zm0-4c-.83 0-1.5.67-1.5 1.5s.67 1.5 1.5 1.5 1.5-.67 1.5-1.5-.67-1.5-1.5-1.5z\" fill=\"currentColor\" \/><\/svg>\n\t\t\t\t<\/div>\n\t\t\t<\/div>\n\n\n<p class=\"has-text-align-center\" style=\"font-style:normal;font-weight:700\">1930<\/p>\n\n\n\n<p class=\"has-text-align-center\">Gr\u00fcndung<\/p>\n<\/div><\/div>\n<\/div>\n\n\n\n<div class=\"wp-block-column is-layout-flow wp-block-column-is-layout-flow\">\n<div class=\"wp-block-group counter\"><div class=\"wp-block-group__inner-container is-layout-constrained wp-block-group-is-layout-constrained\"><div class=\"wp-block-coblocks-icon has-text-align-center is-style-outlined\">\n\t\t\t\t<div class=\"wp-block-coblocks-icon__inner\" style=\"height: 60px; width: 60px;\">\n\t\t\t\t\t<svg fill=\"none\" viewBox=\"0 0 24 24\" xmlns=\"http:\/\/www.w3.org\/2000\/svg\"><path d=\"m20 21v-3c0-1.1046-.8954-2-2-2h-12c-1.10457 0-2 .8954-2 2v3\" fill=\"none\" stroke=\"currentColor\" stroke-width=\"1.5\"\/><circle cx=\"12\" cy=\"8\" fill=\"currentColor\" r=\"5\"\/><\/svg>\n\n\t\t\t\t<\/div>\n\t\t\t<\/div>\n\n\n<p class=\"has-text-align-center\" style=\"font-style:normal;font-weight:700\">900<\/p>\n\n\n\n<p class=\"has-text-align-center\">Mitarbeiter<\/p>\n<\/div><\/div>\n<\/div>\n\n\n\n<div class=\"wp-block-column is-layout-flow wp-block-column-is-layout-flow\">\n<div class=\"wp-block-group counter\"><div class=\"wp-block-group__inner-container is-layout-constrained wp-block-group-is-layout-constrained\"><div class=\"wp-block-coblocks-icon has-text-align-center is-style-filled\">\n\t\t\t\t<div class=\"wp-block-coblocks-icon__inner\" style=\"height: 60px; width: 60px;\">\n\t\t\t\t\t<svg fill=\"none\" xmlns=\"http:\/\/www.w3.org\/2000\/svg\" viewBox=\"0 0 24 24\"><path d=\"M18.6 6.62c-1.44 0-2.8.56-3.77 1.53L12 10.66 10.48 12h.01L7.8 14.39c-.64.64-1.49.99-2.4.99-1.87 0-3.39-1.51-3.39-3.38S3.53 8.62 5.4 8.62c.91 0 1.76.35 2.44 1.03l1.13 1 1.51-1.34L9.22 8.2C8.2 7.18 6.84 6.62 5.4 6.62 2.42 6.62 0 9.04 0 12s2.42 5.38 5.4 5.38c1.44 0 2.8-.56 3.77-1.53l2.83-2.5.01.01L13.52 12h-.01l2.69-2.39c.64-.64 1.49-.99 2.4-.99 1.87 0 3.39 1.51 3.39 3.38s-1.52 3.38-3.39 3.38c-.9 0-1.76-.35-2.44-1.03l-1.14-1.01-1.51 1.34 1.27 1.12c1.02 1.01 2.37 1.57 3.82 1.57 2.98 0 5.4-2.41 5.4-5.38s-2.42-5.37-5.4-5.37z\" fill=\"currentColor\" \/><\/svg>\n\t\t\t\t<\/div>\n\t\t\t<\/div>\n\n\n<p class=\"has-text-align-center\" style=\"font-style:normal;font-weight:700\">100 % <\/p>\n\n\n\n<p class=\"has-text-align-center\">Motivation<\/p>\n<\/div><\/div>\n<\/div>\n<\/div>\n\n\n\n<div style=\"height:50px\" aria-hidden=\"true\" class=\"wp-block-spacer\"><\/div>\n\n\n\n<p>DAV wurde im Jahr 1930 von Ludwig Davidsohn gegr\u00fcndet.&nbsp;<br>Das Unternehmen fing mit Glas\u2219reinigung an.&nbsp;<br>Viele Leute wollten gute Reinigungen und Service\u2219leistungen.<br>Deshalb hat DAV sein Angebot erweitert.<br>Im Jahr 1954 haben die S\u00f6hne Harald und Manfred das Gesch\u00e4ft \u00fcbernommen.&nbsp;<br>Im Jahr 1990 hat Oliver Davidsohn das Gesch\u00e4ft \u00fcbernommen.&nbsp;<br>Oliver Davidsohn ist der Sohn von Harald Davidsohn.<br>Oliver Davidsohn sind diese Dinge wichtig:<\/p>\n\n\n\n<ul class=\"wp-block-list\">\n<li>Kunden\u2219zufriedenheit,<\/li>\n\n\n\n<li>die Ausbildung und Weiterbildung von den Mitarbeitern,<\/li>\n\n\n\n<li>die Erweiterung von den Dienst\u2219leistungen.<\/li>\n<\/ul>\n\n\n\n<p>Mit diesen Dingen sollen die Kunden immer zufrieden sein.<\/p>\n<\/div><\/div>\n\n\n\n<figure class=\"wp-block-gallery alignwide has-nested-images columns-default is-cropped has-lightbox wp-block-gallery-1 is-layout-flex wp-block-gallery-is-layout-flex\">\n<figure class=\"wp-block-image size-large\"><img loading=\"lazy\" decoding=\"async\" width=\"1024\" height=\"768\" data-id=\"353\" src=\"https:\/\/www.d-a-v.de\/leichte-sprache\/wp-content\/uploads\/sites\/2\/2022\/10\/dav_firma-1024x768.jpg\" alt=\"Historische Schwarz-Wei\u00df-Fotografie eines Mannes in Anzug und M\u00fctze, der auf einem alten Motorrad sitzt. Im Hintergrund eine Ziegelsteinmauer.\" class=\"wp-image-353\" srcset=\"https:\/\/www.d-a-v.de\/leichte-sprache\/wp-content\/uploads\/sites\/2\/2022\/10\/dav_firma-1024x768.jpg 1024w, https:\/\/www.d-a-v.de\/leichte-sprache\/wp-content\/uploads\/sites\/2\/2022\/10\/dav_firma-300x225.jpg 300w, https:\/\/www.d-a-v.de\/leichte-sprache\/wp-content\/uploads\/sites\/2\/2022\/10\/dav_firma-768x576.jpg 768w, https:\/\/www.d-a-v.de\/leichte-sprache\/wp-content\/uploads\/sites\/2\/2022\/10\/dav_firma.jpg 1200w\" sizes=\"auto, (max-width: 1024px) 100vw, 1024px\" \/><\/figure>\n\n\n\n<figure class=\"wp-block-image size-large\"><img loading=\"lazy\" decoding=\"async\" width=\"1024\" height=\"768\" data-id=\"352\" src=\"https:\/\/www.d-a-v.de\/leichte-sprache\/wp-content\/uploads\/sites\/2\/2022\/10\/dav_firma_1-1024x768.jpg\" alt=\"Historische Aufnahme eines wei\u00dfen VW-Busses und eines wei\u00dfen Autos mit DAV-Logo, die hintereinander auf einer Stra\u00dfe parken. Im Hintergrund sind Geb\u00e4ude, ein Baum und ein Werbeplakat zu sehen.\" class=\"wp-image-352\" srcset=\"https:\/\/www.d-a-v.de\/leichte-sprache\/wp-content\/uploads\/sites\/2\/2022\/10\/dav_firma_1-1024x768.jpg 1024w, https:\/\/www.d-a-v.de\/leichte-sprache\/wp-content\/uploads\/sites\/2\/2022\/10\/dav_firma_1-300x225.jpg 300w, https:\/\/www.d-a-v.de\/leichte-sprache\/wp-content\/uploads\/sites\/2\/2022\/10\/dav_firma_1-768x576.jpg 768w, https:\/\/www.d-a-v.de\/leichte-sprache\/wp-content\/uploads\/sites\/2\/2022\/10\/dav_firma_1.jpg 1200w\" sizes=\"auto, (max-width: 1024px) 100vw, 1024px\" \/><\/figure>\n\n\n\n<figure class=\"wp-block-image size-large\"><img loading=\"lazy\" decoding=\"async\" width=\"1024\" height=\"546\" data-id=\"354\" src=\"https:\/\/www.d-a-v.de\/leichte-sprache\/wp-content\/uploads\/sites\/2\/2022\/10\/dav_firma_2-1024x546.jpg\" alt=\"Blaues 3D-Logo mit wei\u00dfer Beschriftung &quot;Geb\u00e4udereinigung&quot; auf einer wei\u00dfen Wand, aufgenommen bei Tageslicht.\" class=\"wp-image-354\" srcset=\"https:\/\/www.d-a-v.de\/leichte-sprache\/wp-content\/uploads\/sites\/2\/2022\/10\/dav_firma_2-1024x546.jpg 1024w, https:\/\/www.d-a-v.de\/leichte-sprache\/wp-content\/uploads\/sites\/2\/2022\/10\/dav_firma_2-300x160.jpg 300w, https:\/\/www.d-a-v.de\/leichte-sprache\/wp-content\/uploads\/sites\/2\/2022\/10\/dav_firma_2-768x410.jpg 768w, https:\/\/www.d-a-v.de\/leichte-sprache\/wp-content\/uploads\/sites\/2\/2022\/10\/dav_firma_2.jpg 1500w\" sizes=\"auto, (max-width: 1024px) 100vw, 1024px\" \/><\/figure>\n<\/figure>\n<\/div><\/div>\n\n\n\n<div style=\"height:100px\" aria-hidden=\"true\" class=\"wp-block-spacer\"><\/div>\n\n\n\n<div class=\"wp-block-group alignfull\" id=\"kontakt\"><div class=\"wp-block-group__inner-container is-layout-flow wp-block-group-is-layout-flow\">\n<div style=\"height:50px\" aria-hidden=\"true\" class=\"wp-block-spacer\"><\/div>\n\n\n\n<div class=\"wp-block-columns alignwide is-layout-flex wp-container-core-columns-is-layout-9d6595d7 wp-block-columns-is-layout-flex\">\n<div class=\"wp-block-column is-layout-flow wp-block-column-is-layout-flow\">\n<figure class=\"wp-block-image size-full is-resized\"><img loading=\"lazy\" decoding=\"async\" width=\"600\" height=\"200\" src=\"https:\/\/www.d-a-v.de\/wp-content\/uploads\/2022\/10\/dav_logo_blau.png\" alt=\"\" class=\"wp-image-158\" style=\"width:170px;height:57px\" srcset=\"https:\/\/www.d-a-v.de\/leichte-sprache\/wp-content\/uploads\/sites\/2\/2022\/10\/dav_logo_blau.png 600w, https:\/\/www.d-a-v.de\/leichte-sprache\/wp-content\/uploads\/sites\/2\/2022\/10\/dav_logo_blau-300x100.png 300w\" sizes=\"auto, (max-width: 600px) 100vw, 600px\" \/><\/figure>\n\n\n\n<p><strong>DAV Geb\u00e4udereinigung<\/strong><br>Ludwig Davidsohn GmbH &amp; Co.<br>Winterstra\u00dfe 51b<br>33649 Bielefeld<\/p>\n<\/div>\n\n\n\n<div class=\"wp-block-column is-layout-flow wp-block-column-is-layout-flow\">\n<h3 class=\"wp-block-heading has-text-align-left\"><strong>Unsere B\u00fcrozeite<\/strong>n<br><\/h3>\n\n\n\n<p><strong>Montag bis Donnerstag<\/strong><br>07.45 &#8211; 16.30 Uhr<\/p>\n\n\n\n<p><strong>Freitag<\/strong><br>07.45 &#8211; 14.15 Uhr<\/p>\n<\/div>\n\n\n\n<div class=\"wp-block-column is-layout-flow wp-block-column-is-layout-flow\">\n<h3 class=\"wp-block-heading has-text-align-left\"><strong>Wir freuen uns auf Sie<\/strong><br><\/h3>\n\n\n\n<p><strong><a href=\"mailto:info@d-a-v.de\">info@d-a-v.de<\/a><\/strong><br>0521 &#8211; 400 230<\/p>\n<\/div>\n<\/div>\n\n\n\n<div style=\"height:50px\" aria-hidden=\"true\" class=\"wp-block-spacer\"><\/div>\n<\/div><\/div>\n","protected":false},"excerpt":{"rendered":"<p>DAV Wir erz\u00e4hlen \u00fcber das Unternehmen 1930 Gr\u00fcndung 900 Mitarbeiter [&hellip;]<\/p>\n","protected":false},"author":1,"featured_media":8,"parent":0,"menu_order":1,"comment_status":"closed","ping_status":"closed","template":"page-templates\/template-barrierefrei.php","meta":{"_acf_changed":false,"_uag_custom_page_level_css":"","_coblocks_attr":"","_coblocks_dimensions":"","_coblocks_responsive_height":"","_coblocks_accordion_ie_support":"'true'","footnotes":""},"class_list":["post-63","page","type-page","status-publish","has-post-thumbnail","hentry"],"acf":[],"yoast_head":"<!-- This site is optimized with the Yoast SEO plugin v27.2 - https:\/\/yoast.com\/product\/yoast-seo-wordpress\/ -->\n<title>Wir - DAV Geb\u00e4udereinigung in Leichter Sprache<\/title>\n<meta name=\"robots\" content=\"noindex, follow, max-snippet:-1, max-image-preview:large, max-video-preview:-1\" \/>\n<meta property=\"og:locale\" content=\"de_DE\" \/>\n<meta property=\"og:type\" content=\"article\" \/>\n<meta property=\"og:title\" content=\"Wir - DAV Geb\u00e4udereinigung in Leichter Sprache\" \/>\n<meta property=\"og:description\" content=\"DAV Wir erz\u00e4hlen \u00fcber das Unternehmen 1930 Gr\u00fcndung 900 Mitarbeiter [&hellip;]\" \/>\n<meta property=\"og:url\" content=\"https:\/\/www.d-a-v.de\/leichte-sprache\/wir\/\" \/>\n<meta property=\"og:site_name\" content=\"DAV Geb\u00e4udereinigung in Leichter Sprache\" \/>\n<meta property=\"article:modified_time\" content=\"2025-03-31T09:05:35+00:00\" \/>\n<meta property=\"og:image\" content=\"https:\/\/www.d-a-v.de\/leichte-sprache\/wp-content\/uploads\/sites\/2\/2022\/10\/dav_header.jpg\" \/>\n\t<meta property=\"og:image:width\" content=\"2000\" \/>\n\t<meta property=\"og:image:height\" content=\"1000\" \/>\n\t<meta property=\"og:image:type\" content=\"image\/jpeg\" \/>\n<meta name=\"twitter:card\" content=\"summary_large_image\" \/>\n<meta name=\"twitter:label1\" content=\"Gesch\u00e4tzte Lesezeit\" \/>\n\t<meta name=\"twitter:data1\" content=\"1\u00a0Minute\" \/>\n<script type=\"application\/ld+json\" class=\"yoast-schema-graph\">{\"@context\":\"https:\/\/schema.org\",\"@graph\":[{\"@type\":\"WebPage\",\"@id\":\"https:\/\/www.d-a-v.de\/leichte-sprache\/wir\/\",\"url\":\"https:\/\/www.d-a-v.de\/leichte-sprache\/wir\/\",\"name\":\"Wir - DAV Geb\u00e4udereinigung in Leichter Sprache\",\"isPartOf\":{\"@id\":\"https:\/\/www.d-a-v.de\/leichte-sprache\/#website\"},\"primaryImageOfPage\":{\"@id\":\"https:\/\/www.d-a-v.de\/leichte-sprache\/wir\/#primaryimage\"},\"image\":{\"@id\":\"https:\/\/www.d-a-v.de\/leichte-sprache\/wir\/#primaryimage\"},\"thumbnailUrl\":\"https:\/\/www.d-a-v.de\/leichte-sprache\/wp-content\/uploads\/sites\/2\/2022\/10\/dav_header.jpg\",\"datePublished\":\"2022-10-13T14:10:43+00:00\",\"dateModified\":\"2025-03-31T09:05:35+00:00\",\"breadcrumb\":{\"@id\":\"https:\/\/www.d-a-v.de\/leichte-sprache\/wir\/#breadcrumb\"},\"inLanguage\":\"de\",\"potentialAction\":[{\"@type\":\"ReadAction\",\"target\":[\"https:\/\/www.d-a-v.de\/leichte-sprache\/wir\/\"]}]},{\"@type\":\"ImageObject\",\"inLanguage\":\"de\",\"@id\":\"https:\/\/www.d-a-v.de\/leichte-sprache\/wir\/#primaryimage\",\"url\":\"https:\/\/www.d-a-v.de\/leichte-sprache\/wp-content\/uploads\/sites\/2\/2022\/10\/dav_header.jpg\",\"contentUrl\":\"https:\/\/www.d-a-v.de\/leichte-sprache\/wp-content\/uploads\/sites\/2\/2022\/10\/dav_header.jpg\",\"width\":2000,\"height\":1000,\"caption\":\"Helles, modernes Geb\u00e4ude-Interieur mit Glasgel\u00e4ndern, wei\u00dfen Marmors\u00e4ulen und gro\u00dfen Fenstern, die Tageslicht hereinlassen.\"},{\"@type\":\"BreadcrumbList\",\"@id\":\"https:\/\/www.d-a-v.de\/leichte-sprache\/wir\/#breadcrumb\",\"itemListElement\":[{\"@type\":\"ListItem\",\"position\":1,\"name\":\"Startseite\",\"item\":\"https:\/\/www.d-a-v.de\/leichte-sprache\/\"},{\"@type\":\"ListItem\",\"position\":2,\"name\":\"Wir\"}]},{\"@type\":\"WebSite\",\"@id\":\"https:\/\/www.d-a-v.de\/leichte-sprache\/#website\",\"url\":\"https:\/\/www.d-a-v.de\/leichte-sprache\/\",\"name\":\"DAV Geb\u00e4udereinigung in Leichter Sprache\",\"description\":\"\",\"potentialAction\":[{\"@type\":\"SearchAction\",\"target\":{\"@type\":\"EntryPoint\",\"urlTemplate\":\"https:\/\/www.d-a-v.de\/leichte-sprache\/?s={search_term_string}\"},\"query-input\":{\"@type\":\"PropertyValueSpecification\",\"valueRequired\":true,\"valueName\":\"search_term_string\"}}],\"inLanguage\":\"de\"}]}<\/script>\n<!-- \/ Yoast SEO plugin. -->","yoast_head_json":{"title":"Wir - DAV Geb\u00e4udereinigung in Leichter Sprache","robots":{"index":"noindex","follow":"follow","max-snippet":"max-snippet:-1","max-image-preview":"max-image-preview:large","max-video-preview":"max-video-preview:-1"},"og_locale":"de_DE","og_type":"article","og_title":"Wir - DAV Geb\u00e4udereinigung in Leichter Sprache","og_description":"DAV Wir erz\u00e4hlen \u00fcber das Unternehmen 1930 Gr\u00fcndung 900 Mitarbeiter [&hellip;]","og_url":"https:\/\/www.d-a-v.de\/leichte-sprache\/wir\/","og_site_name":"DAV Geb\u00e4udereinigung in Leichter Sprache","article_modified_time":"2025-03-31T09:05:35+00:00","og_image":[{"width":2000,"height":1000,"url":"https:\/\/www.d-a-v.de\/leichte-sprache\/wp-content\/uploads\/sites\/2\/2022\/10\/dav_header.jpg","type":"image\/jpeg"}],"twitter_card":"summary_large_image","twitter_misc":{"Gesch\u00e4tzte Lesezeit":"1\u00a0Minute"},"schema":{"@context":"https:\/\/schema.org","@graph":[{"@type":"WebPage","@id":"https:\/\/www.d-a-v.de\/leichte-sprache\/wir\/","url":"https:\/\/www.d-a-v.de\/leichte-sprache\/wir\/","name":"Wir - DAV Geb\u00e4udereinigung in Leichter Sprache","isPartOf":{"@id":"https:\/\/www.d-a-v.de\/leichte-sprache\/#website"},"primaryImageOfPage":{"@id":"https:\/\/www.d-a-v.de\/leichte-sprache\/wir\/#primaryimage"},"image":{"@id":"https:\/\/www.d-a-v.de\/leichte-sprache\/wir\/#primaryimage"},"thumbnailUrl":"https:\/\/www.d-a-v.de\/leichte-sprache\/wp-content\/uploads\/sites\/2\/2022\/10\/dav_header.jpg","datePublished":"2022-10-13T14:10:43+00:00","dateModified":"2025-03-31T09:05:35+00:00","breadcrumb":{"@id":"https:\/\/www.d-a-v.de\/leichte-sprache\/wir\/#breadcrumb"},"inLanguage":"de","potentialAction":[{"@type":"ReadAction","target":["https:\/\/www.d-a-v.de\/leichte-sprache\/wir\/"]}]},{"@type":"ImageObject","inLanguage":"de","@id":"https:\/\/www.d-a-v.de\/leichte-sprache\/wir\/#primaryimage","url":"https:\/\/www.d-a-v.de\/leichte-sprache\/wp-content\/uploads\/sites\/2\/2022\/10\/dav_header.jpg","contentUrl":"https:\/\/www.d-a-v.de\/leichte-sprache\/wp-content\/uploads\/sites\/2\/2022\/10\/dav_header.jpg","width":2000,"height":1000,"caption":"Helles, modernes Geb\u00e4ude-Interieur mit Glasgel\u00e4ndern, wei\u00dfen Marmors\u00e4ulen und gro\u00dfen Fenstern, die Tageslicht hereinlassen."},{"@type":"BreadcrumbList","@id":"https:\/\/www.d-a-v.de\/leichte-sprache\/wir\/#breadcrumb","itemListElement":[{"@type":"ListItem","position":1,"name":"Startseite","item":"https:\/\/www.d-a-v.de\/leichte-sprache\/"},{"@type":"ListItem","position":2,"name":"Wir"}]},{"@type":"WebSite","@id":"https:\/\/www.d-a-v.de\/leichte-sprache\/#website","url":"https:\/\/www.d-a-v.de\/leichte-sprache\/","name":"DAV Geb\u00e4udereinigung in Leichter Sprache","description":"","potentialAction":[{"@type":"SearchAction","target":{"@type":"EntryPoint","urlTemplate":"https:\/\/www.d-a-v.de\/leichte-sprache\/?s={search_term_string}"},"query-input":{"@type":"PropertyValueSpecification","valueRequired":true,"valueName":"search_term_string"}}],"inLanguage":"de"}]}},"uagb_featured_image_src":{"full":["https:\/\/www.d-a-v.de\/leichte-sprache\/wp-content\/uploads\/sites\/2\/2022\/10\/dav_header.jpg",2000,1000,false],"thumbnail":["https:\/\/www.d-a-v.de\/leichte-sprache\/wp-content\/uploads\/sites\/2\/2022\/10\/dav_header-150x150.jpg",150,150,true],"medium":["https:\/\/www.d-a-v.de\/leichte-sprache\/wp-content\/uploads\/sites\/2\/2022\/10\/dav_header-300x150.jpg",300,150,true],"medium_large":["https:\/\/www.d-a-v.de\/leichte-sprache\/wp-content\/uploads\/sites\/2\/2022\/10\/dav_header-768x384.jpg",768,384,true],"large":["https:\/\/www.d-a-v.de\/leichte-sprache\/wp-content\/uploads\/sites\/2\/2022\/10\/dav_header-1024x512.jpg",1024,512,true],"1536x1536":["https:\/\/www.d-a-v.de\/leichte-sprache\/wp-content\/uploads\/sites\/2\/2022\/10\/dav_header-1536x768.jpg",1536,768,true],"2048x2048":["https:\/\/www.d-a-v.de\/leichte-sprache\/wp-content\/uploads\/sites\/2\/2022\/10\/dav_header.jpg",2000,1000,false]},"uagb_author_info":{"display_name":"davadmin","author_link":"https:\/\/www.d-a-v.de\/leichte-sprache\/author\/davadmin\/"},"uagb_comment_info":0,"uagb_excerpt":"DAV Wir erz\u00e4hlen \u00fcber das Unternehmen 1930 Gr\u00fcndung 900 Mitarbeiter [&hellip;]","_links":{"self":[{"href":"https:\/\/www.d-a-v.de\/leichte-sprache\/wp-json\/wp\/v2\/pages\/63","targetHints":{"allow":["GET"]}}],"collection":[{"href":"https:\/\/www.d-a-v.de\/leichte-sprache\/wp-json\/wp\/v2\/pages"}],"about":[{"href":"https:\/\/www.d-a-v.de\/leichte-sprache\/wp-json\/wp\/v2\/types\/page"}],"author":[{"embeddable":true,"href":"https:\/\/www.d-a-v.de\/leichte-sprache\/wp-json\/wp\/v2\/users\/1"}],"replies":[{"embeddable":true,"href":"https:\/\/www.d-a-v.de\/leichte-sprache\/wp-json\/wp\/v2\/comments?post=63"}],"version-history":[{"count":11,"href":"https:\/\/www.d-a-v.de\/leichte-sprache\/wp-json\/wp\/v2\/pages\/63\/revisions"}],"predecessor-version":[{"id":3004,"href":"https:\/\/www.d-a-v.de\/leichte-sprache\/wp-json\/wp\/v2\/pages\/63\/revisions\/3004"}],"wp:featuredmedia":[{"embeddable":true,"href":"https:\/\/www.d-a-v.de\/leichte-sprache\/wp-json\/wp\/v2\/media\/8"}],"wp:attachment":[{"href":"https:\/\/www.d-a-v.de\/leichte-sprache\/wp-json\/wp\/v2\/media?parent=63"}],"curies":[{"name":"wp","href":"https:\/\/api.w.org\/{rel}","templated":true}]}}