{"id":501,"date":"2022-11-03T09:42:55","date_gmt":"2022-11-03T08:42:55","guid":{"rendered":"https:\/\/kunden.werbestudio-hild.de\/dav\/?page_id=501"},"modified":"2025-03-31T11:15:36","modified_gmt":"2025-03-31T09:15:36","slug":"soziale-aktivitaeten","status":"publish","type":"page","link":"https:\/\/www.d-a-v.de\/leichte-sprache\/wir\/soziale-aktivitaeten\/","title":{"rendered":"Soziale Aktivit\u00e4ten"},"content":{"rendered":"<div id=\"hero-block_805cf5ffc9dd75c5f133a42107ea7db1\" class=\"hero\">\n    <div class=\"overlay\"><\/div>\n    <div class=\"slogan\"><\/div>\n    <div class=\"scroll-container\">\n        <div class=\"scroller\"><\/div>\n    <\/div>\n<\/div>\n\n<div id=\"content\"><\/div>\n\n<style type=\"text\/css\">\n        #hero-block_805cf5ffc9dd75c5f133a42107ea7db1 {\n            position: relative;\n            width: 100vw;\n            top: 100px;\n            height: calc(70vh - 100px);\n            background-image: url(https:\/\/www.d-a-v.de\/leichte-sprache\/wp-content\/uploads\/sites\/2\/2023\/01\/Soziales-Engagement.jpg);\n            background-attachment: fixed;\n            background-position: center;\n            background-size: cover;\n            transition: all 1s;\n            box-shadow: rgb(0 0 0 \/ 69%) 0px 86px 56px -12px inset, rgb(129 148 162 \/ 48%) 0px 198px 36px -18px inset;\n            margin-bottom:100px;\n        }\n        .slogan {\n            position: absolute;\n            font-size: 5vw;\n            font-weight: 900;\n            color: #fff;\n            z-index: 2;\n            padding: 30vh 25vw;\n            text-align: center;\n            font-family: 'Raleway', sans-serif;\n            text-transform: uppercase;\n        }\n\n        .slogan i {\n            font-size: 22px;\n            font-weight: 700;\n            letter-spacing: 1px;\n        }\n        .overlay{\n            width: 100%;\n            height: 100%;\n            z-index: 1;\n            position: absolute;\n            background-color: #111;\n            opacity: 0        }\n        @media(max-width:1024px){\n        #hero-block_805cf5ffc9dd75c5f133a42107ea7db1{\n                    background-attachment: scroll;\n                }\n        }\n    <\/style>\n\n\n<div style=\"height:100px\" aria-hidden=\"true\" class=\"wp-block-spacer\"><\/div>\n\n\n\n<div class=\"wp-block-group alignwide sozengagement\"><div class=\"wp-block-group__inner-container is-layout-flow wp-block-group-is-layout-flow\">\n<h1 class=\"wp-block-heading has-text-align-left highlightborder\">Soziale Aktivit\u00e4ten<\/h1>\n\n\n\n<p class=\"has-text-align-left blocksatz\">Wir wollen Kinder mit unseren Spenden unterst\u00fctzen.&nbsp;<br>Wir arbeiten mit kleineren Organisationen zusammen.&nbsp;<br>Dann wissen wir:<br>Unser Geld wird nur f\u00fcr die Projekte benutzt.&nbsp;<br><\/p>\n\n\n\n<p class=\"has-text-align-left blocksatz\">Diese Projekte unterst\u00fctzen wir:<\/p>\n\n\n\n<div style=\"height:50px\" aria-hidden=\"true\" class=\"wp-block-spacer\"><\/div>\n\n\n\n<div class=\"wp-block-group blocksatz\"><div class=\"wp-block-group__inner-container is-layout-constrained wp-block-group-is-layout-constrained\">\n<div class=\"wp-block-columns is-layout-flex wp-container-core-columns-is-layout-9d6595d7 wp-block-columns-is-layout-flex\">\n<div class=\"wp-block-column is-layout-flow wp-block-column-is-layout-flow\" style=\"flex-basis:33.33%\">\n<figure class=\"wp-block-image size-full\"><img loading=\"lazy\" decoding=\"async\" width=\"283\" height=\"178\" src=\"https:\/\/www.d-a-v.de\/leichte-sprache\/wp-content\/uploads\/sites\/2\/2022\/11\/fruchtalarmlogo.png\" alt=\"Buntes Logo des Projekts &quot;Fruchtalarm&quot; mit comicartigen Fr\u00fcchten: einer Banane, einer Orange und einer Ananas, die fr\u00f6hlich l\u00e4cheln.\" class=\"wp-image-615\"\/><\/figure>\n<\/div>\n\n\n\n<div class=\"wp-block-column border-left is-layout-flow wp-block-column-is-layout-flow\" style=\"flex-basis:66.66%\">\n<h3 class=\"wp-block-heading\"><strong>Frucht\u2219alarm<\/strong><\/h3>\n\n\n\n<p>Manche Kinder sind krank.&nbsp;<br>Diese Kinder k\u00f6nnen dann <strong>nicht<\/strong> mehr so gut riechen oder schmecken.&nbsp;<br>Das Projekt hilft diesen Kindern.<br>Diese Kinder sollen so auf andere Art riechen oder schmecken. &nbsp;<\/p>\n<\/div>\n<\/div>\n\n\n\n<div class=\"wp-block-columns is-layout-flex wp-container-core-columns-is-layout-9d6595d7 wp-block-columns-is-layout-flex\">\n<div class=\"wp-block-column is-layout-flow wp-block-column-is-layout-flow\" style=\"flex-basis:33.33%\">\n<figure class=\"wp-block-image size-full\"><img loading=\"lazy\" decoding=\"async\" width=\"245\" height=\"150\" src=\"https:\/\/www.d-a-v.de\/leichte-sprache\/wp-content\/uploads\/sites\/2\/2022\/11\/hammerforumlogo.png\" alt=\"Logo des Hammer Forums mit pinkem Handabdruck und blauem Kreuz. Text: &quot;HAMMER FORUM \u2013 Medizinische Hilfe f\u00fcr Kinder in Krisengebieten&quot;.\" class=\"wp-image-616\"\/><\/figure>\n<\/div>\n\n\n\n<div class=\"wp-block-column border-left is-layout-flow wp-block-column-is-layout-flow\" style=\"flex-basis:66.66%\">\n<h3 class=\"wp-block-heading\">Hammer Forum<\/h3>\n\n\n\n<p>Manche Kinder leben in Kriegs\u2219gebieten.&nbsp;<br>\u00c4rzte fliegen in diese Gebiete.<br>Die \u00c4rzte helfen den Kindern.&nbsp;<br>Und die \u00c4rzte bilden einheimische \u00c4rzte und Pfleger aus.<\/p>\n<\/div>\n<\/div>\n\n\n\n<div class=\"wp-block-columns is-layout-flex wp-container-core-columns-is-layout-9d6595d7 wp-block-columns-is-layout-flex\">\n<div class=\"wp-block-column is-layout-flow wp-block-column-is-layout-flow\" style=\"flex-basis:33.33%\">\n<figure class=\"wp-block-image size-large\"><img loading=\"lazy\" decoding=\"async\" width=\"1024\" height=\"278\" src=\"https:\/\/www.d-a-v.de\/leichte-sprache\/wp-content\/uploads\/sites\/2\/2022\/11\/aktiondeutschland-1024x278.png\" alt=\"Logo von Aktion Deutschland Hilft mit stilisierter Flamme in den Farben Rot, Gelb und Schwarz. Text: &quot;Aktion Deutschland Hilft \u2013 B\u00fcndnis deutscher Hilfsorganisationen&quot;.\" class=\"wp-image-617\" srcset=\"https:\/\/www.d-a-v.de\/leichte-sprache\/wp-content\/uploads\/sites\/2\/2022\/11\/aktiondeutschland-1024x278.png 1024w, https:\/\/www.d-a-v.de\/leichte-sprache\/wp-content\/uploads\/sites\/2\/2022\/11\/aktiondeutschland-300x81.png 300w, https:\/\/www.d-a-v.de\/leichte-sprache\/wp-content\/uploads\/sites\/2\/2022\/11\/aktiondeutschland-768x209.png 768w, https:\/\/www.d-a-v.de\/leichte-sprache\/wp-content\/uploads\/sites\/2\/2022\/11\/aktiondeutschland-1536x417.png 1536w, https:\/\/www.d-a-v.de\/leichte-sprache\/wp-content\/uploads\/sites\/2\/2022\/11\/aktiondeutschland.png 2000w\" sizes=\"auto, (max-width: 1024px) 100vw, 1024px\" \/><\/figure>\n<\/div>\n\n\n\n<div class=\"wp-block-column border-left is-layout-flow wp-block-column-is-layout-flow\" style=\"flex-basis:66.66%\">\n<h3 class=\"wp-block-heading\">Aktion Deutschland Hilft<\/h3>\n\n\n\n<p>Das sind mehrere deutsche Hilfs\u2219organisationen.&nbsp;<br>Die Organisationen helfen bei Katastrophen im Ausland.&nbsp;<\/p>\n<\/div>\n<\/div>\n\n\n\n<div class=\"wp-block-columns is-layout-flex wp-container-core-columns-is-layout-9d6595d7 wp-block-columns-is-layout-flex\">\n<div class=\"wp-block-column is-layout-flow wp-block-column-is-layout-flow\" style=\"flex-basis:33.33%\">\n<figure class=\"wp-block-image size-full\"><img loading=\"lazy\" decoding=\"async\" width=\"240\" height=\"222\" src=\"https:\/\/www.d-a-v.de\/leichte-sprache\/wp-content\/uploads\/sites\/2\/2022\/11\/olderdissenlogo.jpg\" alt=\"Logo des Heimat-Tierparks Olderdissen in Bielefeld mit einer stilisierten gr\u00fcnen Fuchszeichnung vor einer schwarzen Waldsilhouette. Text: &quot;Heimat-Tierpark Olderdissen Bielefeld&quot;.\" class=\"wp-image-624\"\/><\/figure>\n<\/div>\n\n\n\n<div class=\"wp-block-column border-left is-layout-flow wp-block-column-is-layout-flow\" style=\"flex-basis:66.66%\">\n<h3 class=\"wp-block-heading\">HEIMAT-TIERPARK OLDERDISSEN<\/h3>\n\n\n\n<p>Im Heimat-Tierpark gibt es viele Tiere.&nbsp;<br>Kinder\u2219g\u00e4rten und Schul\u2219klassen k\u00f6nnen hier Wild\u2219tiere und Tiere aus dem Wald angucken.&nbsp;<\/p>\n<\/div>\n<\/div>\n\n\n\n<div class=\"wp-block-columns is-layout-flex wp-container-core-columns-is-layout-9d6595d7 wp-block-columns-is-layout-flex\">\n<div class=\"wp-block-column is-layout-flow wp-block-column-is-layout-flow\" style=\"flex-basis:33.33%\">\n<figure class=\"wp-block-image size-full\"><img loading=\"lazy\" decoding=\"async\" width=\"100\" height=\"40\" src=\"https:\/\/www.d-a-v.de\/leichte-sprache\/wp-content\/uploads\/sites\/2\/2022\/11\/marakissa.gif\" alt=\"Lila Hintergrund mit wei\u00dfem Text: &quot;Marakissa&quot;. \" class=\"wp-image-625\"\/><\/figure>\n<\/div>\n\n\n\n<div class=\"wp-block-column border-left is-layout-flow wp-block-column-is-layout-flow\" style=\"flex-basis:66.66%\">\n<h3 class=\"wp-block-heading\">MARAKISSA<\/h3>\n\n\n\n<p>Manche Kinder k\u00f6nnen <strong>nicht<\/strong> zur Schule gehen.&nbsp;<br>Das Projekt hilft diesen Kindern mit einem Kinder\u2219garten.<\/p>\n<\/div>\n<\/div>\n\n\n\n<div class=\"wp-block-columns is-layout-flex wp-container-core-columns-is-layout-9d6595d7 wp-block-columns-is-layout-flex\">\n<div class=\"wp-block-column is-layout-flow wp-block-column-is-layout-flow\" style=\"flex-basis:33.33%\">\n<figure class=\"wp-block-image size-full\"><img loading=\"lazy\" decoding=\"async\" width=\"299\" height=\"168\" src=\"https:\/\/www.d-a-v.de\/leichte-sprache\/wp-content\/uploads\/sites\/2\/2022\/11\/kinderhospiz.jpg\" alt=\"Logo des Kinder- und Jugendhospiz Bielefeld mit einer stilisierten gelben Sonne und rotem Kern. Text: &quot;Kinder- und Jugendhospiz Bielefeld&quot;.\" class=\"wp-image-626\"\/><\/figure>\n<\/div>\n\n\n\n<div class=\"wp-block-column border-left is-layout-flow wp-block-column-is-layout-flow\" style=\"flex-basis:66.66%\">\n<h3 class=\"wp-block-heading\">KINDERHOSPIZ BETHEL<\/h3>\n\n\n\n<p>Manche Kinder sind sehr krank.&nbsp;<br>Die Kinder k\u00f6nnen <strong>nicht<\/strong> geheilt werden.&nbsp;<br>Das Kinder\u2219hospitz unterst\u00fctzt diese Kinder.&nbsp;<br>Und das Kinder\u2219hospitz unterst\u00fctzt die Familien von diesen Kindern.<\/p>\n<\/div>\n<\/div>\n<\/div><\/div>\n<\/div><\/div>\n\n\n\n<div style=\"height:100px\" aria-hidden=\"true\" class=\"wp-block-spacer\"><\/div>\n\n\n\n<div class=\"wp-block-group alignfull\" id=\"kontakt\"><div class=\"wp-block-group__inner-container is-layout-flow wp-block-group-is-layout-flow\">\n<div style=\"height:50px\" aria-hidden=\"true\" class=\"wp-block-spacer\"><\/div>\n\n\n\n<div class=\"wp-block-columns alignwide is-layout-flex wp-container-core-columns-is-layout-9d6595d7 wp-block-columns-is-layout-flex\">\n<div class=\"wp-block-column is-layout-flow wp-block-column-is-layout-flow\">\n<figure class=\"wp-block-image size-full is-resized\"><img loading=\"lazy\" decoding=\"async\" width=\"600\" height=\"200\" src=\"https:\/\/www.d-a-v.de\/wp-content\/uploads\/2022\/10\/dav_logo_blau.png\" alt=\"\" class=\"wp-image-158\" style=\"width:170px;height:57px\" srcset=\"https:\/\/www.d-a-v.de\/leichte-sprache\/wp-content\/uploads\/sites\/2\/2022\/10\/dav_logo_blau.png 600w, https:\/\/www.d-a-v.de\/leichte-sprache\/wp-content\/uploads\/sites\/2\/2022\/10\/dav_logo_blau-300x100.png 300w\" sizes=\"auto, (max-width: 600px) 100vw, 600px\" \/><\/figure>\n\n\n\n<p><strong>DAV Geb\u00e4udereinigung<\/strong><br>Ludwig Davidsohn GmbH &amp; Co.<br>Winterstra\u00dfe 51b<br>33649 Bielefeld<\/p>\n<\/div>\n\n\n\n<div class=\"wp-block-column is-layout-flow wp-block-column-is-layout-flow\">\n<h3 class=\"wp-block-heading has-text-align-left\"><strong>Unsere B\u00fcrozeite<\/strong>n<br><\/h3>\n\n\n\n<p><strong>Montag bis Donnerstag<\/strong><br>07.45 &#8211; 16.30 Uhr<\/p>\n\n\n\n<p><strong>Freitag<\/strong><br>07.45 &#8211; 14.15 Uhr<\/p>\n<\/div>\n\n\n\n<div class=\"wp-block-column is-layout-flow wp-block-column-is-layout-flow\">\n<h3 class=\"wp-block-heading has-text-align-left\"><strong>Wir freuen uns auf Sie<\/strong><br><\/h3>\n\n\n\n<p><strong><a href=\"mailto:info@d-a-v.de\">info@d-a-v.de<\/a><\/strong><br>0521 &#8211; 400 230<\/p>\n<\/div>\n<\/div>\n\n\n\n<div style=\"height:50px\" aria-hidden=\"true\" class=\"wp-block-spacer\"><\/div>\n<\/div><\/div>\n","protected":false},"excerpt":{"rendered":"<p>Soziale Aktivit\u00e4ten Wir wollen Kinder mit unseren Spenden unterst\u00fctzen.&nbsp;Wir arbeiten [&hellip;]<\/p>\n","protected":false},"author":1,"featured_media":8,"parent":63,"menu_order":0,"comment_status":"closed","ping_status":"closed","template":"page-templates\/template-barrierefrei.php","meta":{"_acf_changed":false,"_uag_custom_page_level_css":"","_coblocks_attr":"","_coblocks_dimensions":"","_coblocks_responsive_height":"","_coblocks_accordion_ie_support":"","footnotes":""},"class_list":["post-501","page","type-page","status-publish","has-post-thumbnail","hentry"],"acf":[],"yoast_head":"<!-- This site is optimized with the Yoast SEO plugin v27.2 - https:\/\/yoast.com\/product\/yoast-seo-wordpress\/ -->\n<title>Soziale Aktivit\u00e4ten - DAV Geb\u00e4udereinigung in Leichter Sprache<\/title>\n<meta name=\"robots\" content=\"noindex, follow, max-snippet:-1, max-image-preview:large, max-video-preview:-1\" \/>\n<meta property=\"og:locale\" content=\"de_DE\" \/>\n<meta property=\"og:type\" content=\"article\" \/>\n<meta property=\"og:title\" content=\"Soziale Aktivit\u00e4ten - DAV Geb\u00e4udereinigung in Leichter Sprache\" \/>\n<meta property=\"og:description\" content=\"Soziale Aktivit\u00e4ten Wir wollen Kinder mit unseren Spenden unterst\u00fctzen.&nbsp;Wir arbeiten [&hellip;]\" \/>\n<meta property=\"og:url\" content=\"https:\/\/www.d-a-v.de\/leichte-sprache\/wir\/soziale-aktivitaeten\/\" \/>\n<meta property=\"og:site_name\" content=\"DAV Geb\u00e4udereinigung in Leichter Sprache\" \/>\n<meta property=\"article:modified_time\" content=\"2025-03-31T09:15:36+00:00\" \/>\n<meta property=\"og:image\" content=\"https:\/\/www.d-a-v.de\/leichte-sprache\/wp-content\/uploads\/sites\/2\/2022\/10\/dav_header.jpg\" \/>\n\t<meta property=\"og:image:width\" content=\"2000\" \/>\n\t<meta property=\"og:image:height\" content=\"1000\" \/>\n\t<meta property=\"og:image:type\" content=\"image\/jpeg\" \/>\n<meta name=\"twitter:card\" content=\"summary_large_image\" \/>\n<meta name=\"twitter:label1\" content=\"Gesch\u00e4tzte Lesezeit\" \/>\n\t<meta name=\"twitter:data1\" content=\"3\u00a0Minuten\" \/>\n<script type=\"application\/ld+json\" class=\"yoast-schema-graph\">{\"@context\":\"https:\/\/schema.org\",\"@graph\":[{\"@type\":\"WebPage\",\"@id\":\"https:\/\/www.d-a-v.de\/leichte-sprache\/wir\/soziale-aktivitaeten\/\",\"url\":\"https:\/\/www.d-a-v.de\/leichte-sprache\/wir\/soziale-aktivitaeten\/\",\"name\":\"Soziale Aktivit\u00e4ten - DAV Geb\u00e4udereinigung in Leichter Sprache\",\"isPartOf\":{\"@id\":\"https:\/\/www.d-a-v.de\/leichte-sprache\/#website\"},\"primaryImageOfPage\":{\"@id\":\"https:\/\/www.d-a-v.de\/leichte-sprache\/wir\/soziale-aktivitaeten\/#primaryimage\"},\"image\":{\"@id\":\"https:\/\/www.d-a-v.de\/leichte-sprache\/wir\/soziale-aktivitaeten\/#primaryimage\"},\"thumbnailUrl\":\"https:\/\/www.d-a-v.de\/leichte-sprache\/wp-content\/uploads\/sites\/2\/2022\/10\/dav_header.jpg\",\"datePublished\":\"2022-11-03T08:42:55+00:00\",\"dateModified\":\"2025-03-31T09:15:36+00:00\",\"breadcrumb\":{\"@id\":\"https:\/\/www.d-a-v.de\/leichte-sprache\/wir\/soziale-aktivitaeten\/#breadcrumb\"},\"inLanguage\":\"de\",\"potentialAction\":[{\"@type\":\"ReadAction\",\"target\":[\"https:\/\/www.d-a-v.de\/leichte-sprache\/wir\/soziale-aktivitaeten\/\"]}]},{\"@type\":\"ImageObject\",\"inLanguage\":\"de\",\"@id\":\"https:\/\/www.d-a-v.de\/leichte-sprache\/wir\/soziale-aktivitaeten\/#primaryimage\",\"url\":\"https:\/\/www.d-a-v.de\/leichte-sprache\/wp-content\/uploads\/sites\/2\/2022\/10\/dav_header.jpg\",\"contentUrl\":\"https:\/\/www.d-a-v.de\/leichte-sprache\/wp-content\/uploads\/sites\/2\/2022\/10\/dav_header.jpg\",\"width\":2000,\"height\":1000,\"caption\":\"Helles, modernes Geb\u00e4ude-Interieur mit Glasgel\u00e4ndern, wei\u00dfen Marmors\u00e4ulen und gro\u00dfen Fenstern, die Tageslicht hereinlassen.\"},{\"@type\":\"BreadcrumbList\",\"@id\":\"https:\/\/www.d-a-v.de\/leichte-sprache\/wir\/soziale-aktivitaeten\/#breadcrumb\",\"itemListElement\":[{\"@type\":\"ListItem\",\"position\":1,\"name\":\"Startseite\",\"item\":\"https:\/\/www.d-a-v.de\/leichte-sprache\/\"},{\"@type\":\"ListItem\",\"position\":2,\"name\":\"Wir\",\"item\":\"https:\/\/www.d-a-v.de\/leichte-sprache\/wir\/\"},{\"@type\":\"ListItem\",\"position\":3,\"name\":\"Soziale Aktivit\u00e4ten\"}]},{\"@type\":\"WebSite\",\"@id\":\"https:\/\/www.d-a-v.de\/leichte-sprache\/#website\",\"url\":\"https:\/\/www.d-a-v.de\/leichte-sprache\/\",\"name\":\"DAV Geb\u00e4udereinigung in Leichter Sprache\",\"description\":\"\",\"potentialAction\":[{\"@type\":\"SearchAction\",\"target\":{\"@type\":\"EntryPoint\",\"urlTemplate\":\"https:\/\/www.d-a-v.de\/leichte-sprache\/?s={search_term_string}\"},\"query-input\":{\"@type\":\"PropertyValueSpecification\",\"valueRequired\":true,\"valueName\":\"search_term_string\"}}],\"inLanguage\":\"de\"}]}<\/script>\n<!-- \/ Yoast SEO plugin. -->","yoast_head_json":{"title":"Soziale Aktivit\u00e4ten - DAV Geb\u00e4udereinigung in Leichter Sprache","robots":{"index":"noindex","follow":"follow","max-snippet":"max-snippet:-1","max-image-preview":"max-image-preview:large","max-video-preview":"max-video-preview:-1"},"og_locale":"de_DE","og_type":"article","og_title":"Soziale Aktivit\u00e4ten - DAV Geb\u00e4udereinigung in Leichter Sprache","og_description":"Soziale Aktivit\u00e4ten Wir wollen Kinder mit unseren Spenden unterst\u00fctzen.&nbsp;Wir arbeiten [&hellip;]","og_url":"https:\/\/www.d-a-v.de\/leichte-sprache\/wir\/soziale-aktivitaeten\/","og_site_name":"DAV Geb\u00e4udereinigung in Leichter Sprache","article_modified_time":"2025-03-31T09:15:36+00:00","og_image":[{"width":2000,"height":1000,"url":"https:\/\/www.d-a-v.de\/leichte-sprache\/wp-content\/uploads\/sites\/2\/2022\/10\/dav_header.jpg","type":"image\/jpeg"}],"twitter_card":"summary_large_image","twitter_misc":{"Gesch\u00e4tzte Lesezeit":"3\u00a0Minuten"},"schema":{"@context":"https:\/\/schema.org","@graph":[{"@type":"WebPage","@id":"https:\/\/www.d-a-v.de\/leichte-sprache\/wir\/soziale-aktivitaeten\/","url":"https:\/\/www.d-a-v.de\/leichte-sprache\/wir\/soziale-aktivitaeten\/","name":"Soziale Aktivit\u00e4ten - DAV Geb\u00e4udereinigung in Leichter Sprache","isPartOf":{"@id":"https:\/\/www.d-a-v.de\/leichte-sprache\/#website"},"primaryImageOfPage":{"@id":"https:\/\/www.d-a-v.de\/leichte-sprache\/wir\/soziale-aktivitaeten\/#primaryimage"},"image":{"@id":"https:\/\/www.d-a-v.de\/leichte-sprache\/wir\/soziale-aktivitaeten\/#primaryimage"},"thumbnailUrl":"https:\/\/www.d-a-v.de\/leichte-sprache\/wp-content\/uploads\/sites\/2\/2022\/10\/dav_header.jpg","datePublished":"2022-11-03T08:42:55+00:00","dateModified":"2025-03-31T09:15:36+00:00","breadcrumb":{"@id":"https:\/\/www.d-a-v.de\/leichte-sprache\/wir\/soziale-aktivitaeten\/#breadcrumb"},"inLanguage":"de","potentialAction":[{"@type":"ReadAction","target":["https:\/\/www.d-a-v.de\/leichte-sprache\/wir\/soziale-aktivitaeten\/"]}]},{"@type":"ImageObject","inLanguage":"de","@id":"https:\/\/www.d-a-v.de\/leichte-sprache\/wir\/soziale-aktivitaeten\/#primaryimage","url":"https:\/\/www.d-a-v.de\/leichte-sprache\/wp-content\/uploads\/sites\/2\/2022\/10\/dav_header.jpg","contentUrl":"https:\/\/www.d-a-v.de\/leichte-sprache\/wp-content\/uploads\/sites\/2\/2022\/10\/dav_header.jpg","width":2000,"height":1000,"caption":"Helles, modernes Geb\u00e4ude-Interieur mit Glasgel\u00e4ndern, wei\u00dfen Marmors\u00e4ulen und gro\u00dfen Fenstern, die Tageslicht hereinlassen."},{"@type":"BreadcrumbList","@id":"https:\/\/www.d-a-v.de\/leichte-sprache\/wir\/soziale-aktivitaeten\/#breadcrumb","itemListElement":[{"@type":"ListItem","position":1,"name":"Startseite","item":"https:\/\/www.d-a-v.de\/leichte-sprache\/"},{"@type":"ListItem","position":2,"name":"Wir","item":"https:\/\/www.d-a-v.de\/leichte-sprache\/wir\/"},{"@type":"ListItem","position":3,"name":"Soziale Aktivit\u00e4ten"}]},{"@type":"WebSite","@id":"https:\/\/www.d-a-v.de\/leichte-sprache\/#website","url":"https:\/\/www.d-a-v.de\/leichte-sprache\/","name":"DAV Geb\u00e4udereinigung in Leichter Sprache","description":"","potentialAction":[{"@type":"SearchAction","target":{"@type":"EntryPoint","urlTemplate":"https:\/\/www.d-a-v.de\/leichte-sprache\/?s={search_term_string}"},"query-input":{"@type":"PropertyValueSpecification","valueRequired":true,"valueName":"search_term_string"}}],"inLanguage":"de"}]}},"uagb_featured_image_src":{"full":["https:\/\/www.d-a-v.de\/leichte-sprache\/wp-content\/uploads\/sites\/2\/2022\/10\/dav_header.jpg",2000,1000,false],"thumbnail":["https:\/\/www.d-a-v.de\/leichte-sprache\/wp-content\/uploads\/sites\/2\/2022\/10\/dav_header-150x150.jpg",150,150,true],"medium":["https:\/\/www.d-a-v.de\/leichte-sprache\/wp-content\/uploads\/sites\/2\/2022\/10\/dav_header-300x150.jpg",300,150,true],"medium_large":["https:\/\/www.d-a-v.de\/leichte-sprache\/wp-content\/uploads\/sites\/2\/2022\/10\/dav_header-768x384.jpg",768,384,true],"large":["https:\/\/www.d-a-v.de\/leichte-sprache\/wp-content\/uploads\/sites\/2\/2022\/10\/dav_header-1024x512.jpg",1024,512,true],"1536x1536":["https:\/\/www.d-a-v.de\/leichte-sprache\/wp-content\/uploads\/sites\/2\/2022\/10\/dav_header-1536x768.jpg",1536,768,true],"2048x2048":["https:\/\/www.d-a-v.de\/leichte-sprache\/wp-content\/uploads\/sites\/2\/2022\/10\/dav_header.jpg",2000,1000,false]},"uagb_author_info":{"display_name":"davadmin","author_link":"https:\/\/www.d-a-v.de\/leichte-sprache\/author\/davadmin\/"},"uagb_comment_info":0,"uagb_excerpt":"Soziale Aktivit\u00e4ten Wir wollen Kinder mit unseren Spenden unterst\u00fctzen.&nbsp;Wir arbeiten [&hellip;]","_links":{"self":[{"href":"https:\/\/www.d-a-v.de\/leichte-sprache\/wp-json\/wp\/v2\/pages\/501","targetHints":{"allow":["GET"]}}],"collection":[{"href":"https:\/\/www.d-a-v.de\/leichte-sprache\/wp-json\/wp\/v2\/pages"}],"about":[{"href":"https:\/\/www.d-a-v.de\/leichte-sprache\/wp-json\/wp\/v2\/types\/page"}],"author":[{"embeddable":true,"href":"https:\/\/www.d-a-v.de\/leichte-sprache\/wp-json\/wp\/v2\/users\/1"}],"replies":[{"embeddable":true,"href":"https:\/\/www.d-a-v.de\/leichte-sprache\/wp-json\/wp\/v2\/comments?post=501"}],"version-history":[{"count":3,"href":"https:\/\/www.d-a-v.de\/leichte-sprache\/wp-json\/wp\/v2\/pages\/501\/revisions"}],"predecessor-version":[{"id":3006,"href":"https:\/\/www.d-a-v.de\/leichte-sprache\/wp-json\/wp\/v2\/pages\/501\/revisions\/3006"}],"up":[{"embeddable":true,"href":"https:\/\/www.d-a-v.de\/leichte-sprache\/wp-json\/wp\/v2\/pages\/63"}],"wp:featuredmedia":[{"embeddable":true,"href":"https:\/\/www.d-a-v.de\/leichte-sprache\/wp-json\/wp\/v2\/media\/8"}],"wp:attachment":[{"href":"https:\/\/www.d-a-v.de\/leichte-sprache\/wp-json\/wp\/v2\/media?parent=501"}],"curies":[{"name":"wp","href":"https:\/\/api.w.org\/{rel}","templated":true}]}}