{"id":48,"date":"2022-10-13T15:59:59","date_gmt":"2022-10-13T13:59:59","guid":{"rendered":"https:\/\/kunden.werbestudio-hild.de\/dav\/?page_id=48"},"modified":"2025-03-31T11:19:40","modified_gmt":"2025-03-31T09:19:40","slug":"bodensanierung","status":"publish","type":"page","link":"https:\/\/www.d-a-v.de\/leichte-sprache\/bodensanierung\/","title":{"rendered":"Bodensanierung"},"content":{"rendered":"<div id=\"hero-block_fc1a44a65e89f486bb32d9503c273b80\" class=\"hero\">\n    <div class=\"overlay\"><\/div>\n    <div class=\"slogan\"><\/div>\n    <div class=\"scroll-container\">\n        <div class=\"scroller\"><\/div>\n    <\/div>\n<\/div>\n\n<div id=\"content\"><\/div>\n\n<style type=\"text\/css\">\n        #hero-block_fc1a44a65e89f486bb32d9503c273b80 {\n            position: relative;\n            width: 100vw;\n            top: 100px;\n            height: calc(70vh - 100px);\n            background-image: url(https:\/\/www.d-a-v.de\/leichte-sprache\/wp-content\/uploads\/sites\/2\/2023\/01\/Bodensanierung1-scaled-1.jpg);\n            background-attachment: fixed;\n            background-position: center -100px;\n            background-size: cover;\n            transition: all 1s;\n            box-shadow: rgb(0 0 0 \/ 69%) 0px 86px 56px -12px inset, rgb(129 148 162 \/ 48%) 0px 198px 36px -18px inset;\n            margin-bottom:100px;\n        }\n        .slogan {\n            position: absolute;\n            font-size: 5vw;\n            font-weight: 900;\n            color: #fff;\n            z-index: 2;\n            padding: 30vh 25vw;\n            text-align: center;\n            font-family: 'Raleway', sans-serif;\n            text-transform: uppercase;\n        }\n\n        .slogan i {\n            font-size: 22px;\n            font-weight: 700;\n            letter-spacing: 1px;\n        }\n        .overlay{\n            width: 100%;\n            height: 100%;\n            z-index: 1;\n            position: absolute;\n            background-color: #111;\n            opacity: 0        }\n        @media(max-width:1024px){\n        #hero-block_fc1a44a65e89f486bb32d9503c273b80{\n                    background-attachment: scroll;\n                }\n        }\n    <\/style>\n\n\n<div style=\"height:100px\" aria-hidden=\"true\" class=\"wp-block-spacer\"><\/div>\n\n\n\n<div class=\"wp-block-group alignwide\"><div class=\"wp-block-group__inner-container is-layout-flow wp-block-group-is-layout-flow\">\n<h1 class=\"wp-block-heading has-text-align-left highlightborder\">Boden\u2219sanierung<\/h1>\n\n\n\n<div class=\"wp-block-group\"><div class=\"wp-block-group__inner-container is-layout-constrained wp-block-group-is-layout-constrained\">\n<p class=\"has-text-align-left blocksatz\">Alte B\u00f6den m\u00fcssen <strong>nicht<\/strong> immer ersetzt werden.&nbsp;<br>Wir k\u00f6nnen Ihren alten Boden reparieren.&nbsp;<br>Daf\u00fcr gibt es verschiedene M\u00f6glichkeiten.<br>Die M\u00f6glichkeiten unterscheiden sich je nach Boden\u2219art.<br>Weiter unten finden Sie die verschiedenen Boden\u2219arten.<\/p>\n<\/div><\/div>\n<\/div><\/div>\n\n\n\n<div class=\"wp-block-group alignwide\"><div class=\"wp-block-group__inner-container is-layout-flow wp-block-group-is-layout-flow\">\n<div style=\"height:50px\" aria-hidden=\"true\" class=\"wp-block-spacer\"><\/div>\n\n\n\n<h2 class=\"wp-block-heading has-text-align-left highlightborder\">Natur\u2219stein<\/h2>\n\n\n\n<p>Wir fangen mit einer besonderen Reinigung an.&nbsp;<br>Danach schleifen wir Ihren Boden.&nbsp;<br>Dann machen wir den Boden sch\u00f6ner und sch\u00fctzen ihn.&nbsp;<br>Das machen wir durch Kristallisation oder Impr\u00e4gnierung.&nbsp;<br>Kristallisation und Impr\u00e4gnierung sind zwei Techniken.<br>Mit diesen Techniken bekommt der Boden diese Dinge zur\u00fcck:<\/p>\n\n\n\n<ul class=\"wp-block-list\">\n<li>seinen Glanz,&nbsp;<\/li>\n\n\n\n<li>seine Farbe,<\/li>\n\n\n\n<li>seine Muster.<\/li>\n<\/ul>\n\n\n\n<div style=\"height:50px\" aria-hidden=\"true\" class=\"wp-block-spacer\"><\/div>\n\n\n\n<h2 class=\"wp-block-heading has-text-align-left highlightborder\">Parkett\u2219boden und Holz\u2219boden<\/h2>\n\n\n\n<p>Zuerst schleifen wir Ihren Boden.&nbsp;<br>Dann lackieren wir Ihren Boden.<br>Die Lackierung sch\u00fctzt das Holz.<\/p>\n\n\n\n<div style=\"height:50px\" aria-hidden=\"true\" class=\"wp-block-spacer\"><\/div>\n\n\n\n<h2 class=\"wp-block-heading has-text-align-left highlightborder\">Design\u2219spachtelung<\/h2>\n\n\n\n<p>Bei der Design\u2219spachtelung machen wir Ihren Boden besonders glatt.&nbsp;<br>Der Boden l\u00e4sst sich so sehr gut reinigen.<br>Die Design\u2219spachtelung kann auf jeden Boden aufgetragen werden.&nbsp;<br>Den alten Boden m\u00fcssen wir <strong>nicht<\/strong> entfernen.&nbsp;<\/p>\n\n\n\n<div style=\"height:50px\" aria-hidden=\"true\" class=\"wp-block-spacer\"><\/div>\n\n\n\n<h2 class=\"wp-block-heading has-text-align-left highlightborder\">PU Poly\u2219urethan Beschichtung<\/h2>\n\n\n\n<p>Poly\u2219urethan Beschichtung ist eine besondere Beschichtung f\u00fcr den Boden.<br>Der Boden h\u00e4lt dann sehr viel aus.<br>Der Boden ist so:<\/p>\n\n\n\n<ul class=\"wp-block-list\">\n<li>kratz\u2219fest,<\/li>\n\n\n\n<li>rutsch\u2219fest,<\/li>\n\n\n\n<li>rei\u00df\u2219fest,<\/li>\n\n\n\n<li>unempfindlich gegen Kratzer.<\/li>\n<\/ul>\n\n\n\n<p>Der Boden l\u00e4sst sich auch sehr gut reinigen.&nbsp;<br>Die Beschichtung gibt es in allen RAL-Farben.<br>RAL-Farben sind genormte Farben.<\/p>\n\n\n\n<div style=\"height:100px\" aria-hidden=\"true\" class=\"wp-block-spacer\"><\/div>\n<\/div><\/div>\n\n\n\n<div class=\"wp-block-group alignfull\" id=\"kontakt\"><div class=\"wp-block-group__inner-container is-layout-flow wp-block-group-is-layout-flow\">\n<div style=\"height:50px\" aria-hidden=\"true\" class=\"wp-block-spacer\"><\/div>\n\n\n\n<div class=\"wp-block-columns alignwide is-layout-flex wp-container-core-columns-is-layout-9d6595d7 wp-block-columns-is-layout-flex\">\n<div class=\"wp-block-column is-layout-flow wp-block-column-is-layout-flow\">\n<figure class=\"wp-block-image size-full is-resized\"><img loading=\"lazy\" decoding=\"async\" width=\"600\" height=\"200\" src=\"https:\/\/www.d-a-v.de\/wp-content\/uploads\/2022\/10\/dav_logo_blau.png\" alt=\"\" class=\"wp-image-158\" style=\"width:170px;height:57px\" srcset=\"https:\/\/www.d-a-v.de\/leichte-sprache\/wp-content\/uploads\/sites\/2\/2022\/10\/dav_logo_blau.png 600w, https:\/\/www.d-a-v.de\/leichte-sprache\/wp-content\/uploads\/sites\/2\/2022\/10\/dav_logo_blau-300x100.png 300w\" sizes=\"auto, (max-width: 600px) 100vw, 600px\" \/><\/figure>\n\n\n\n<p><strong>DAV Geb\u00e4udereinigung<\/strong><br>Ludwig Davidsohn GmbH &amp; Co.<br>Winterstra\u00dfe 51b<br>33649 Bielefeld<\/p>\n<\/div>\n\n\n\n<div class=\"wp-block-column is-layout-flow wp-block-column-is-layout-flow\">\n<h3 class=\"wp-block-heading has-text-align-left\"><strong>Unsere B\u00fcrozeite<\/strong>n<br><\/h3>\n\n\n\n<p><strong>Montag bis Donnerstag<\/strong><br>07.45 &#8211; 16.30 Uhr<\/p>\n\n\n\n<p><strong>Freitag<\/strong><br>07.45 &#8211; 14.15 Uhr<\/p>\n<\/div>\n\n\n\n<div class=\"wp-block-column is-layout-flow wp-block-column-is-layout-flow\">\n<h3 class=\"wp-block-heading has-text-align-left\"><strong>Wir freuen uns auf Sie<\/strong><br><\/h3>\n\n\n\n<p><strong><a href=\"mailto:info@d-a-v.de\">info@d-a-v.de<\/a><\/strong><br>0521 &#8211; 400 230<\/p>\n<\/div>\n<\/div>\n\n\n\n<div style=\"height:50px\" aria-hidden=\"true\" class=\"wp-block-spacer\"><\/div>\n<\/div><\/div>\n","protected":false},"excerpt":{"rendered":"<p>Boden\u2219sanierung Alte B\u00f6den m\u00fcssen nicht immer ersetzt werden.&nbsp;Wir k\u00f6nnen Ihren [&hellip;]<\/p>\n","protected":false},"author":1,"featured_media":8,"parent":0,"menu_order":7,"comment_status":"closed","ping_status":"closed","template":"page-templates\/template-barrierefrei.php","meta":{"_acf_changed":false,"_uag_custom_page_level_css":"","_coblocks_attr":"","_coblocks_dimensions":"","_coblocks_responsive_height":"","_coblocks_accordion_ie_support":"","footnotes":""},"class_list":["post-48","page","type-page","status-publish","has-post-thumbnail","hentry"],"acf":[],"yoast_head":"<!-- This site is optimized with the Yoast SEO plugin v27.2 - https:\/\/yoast.com\/product\/yoast-seo-wordpress\/ -->\n<title>Bodensanierung - DAV Geb\u00e4udereinigung in Leichter Sprache<\/title>\n<meta name=\"robots\" content=\"noindex, follow, max-snippet:-1, max-image-preview:large, max-video-preview:-1\" \/>\n<meta property=\"og:locale\" content=\"de_DE\" \/>\n<meta property=\"og:type\" content=\"article\" \/>\n<meta property=\"og:title\" content=\"Bodensanierung - DAV Geb\u00e4udereinigung in Leichter Sprache\" \/>\n<meta property=\"og:description\" content=\"Boden\u2219sanierung Alte B\u00f6den m\u00fcssen nicht immer ersetzt werden.&nbsp;Wir k\u00f6nnen Ihren [&hellip;]\" \/>\n<meta property=\"og:url\" content=\"https:\/\/www.d-a-v.de\/leichte-sprache\/bodensanierung\/\" \/>\n<meta property=\"og:site_name\" content=\"DAV Geb\u00e4udereinigung in Leichter Sprache\" \/>\n<meta property=\"article:modified_time\" content=\"2025-03-31T09:19:40+00:00\" \/>\n<meta property=\"og:image\" content=\"https:\/\/www.d-a-v.de\/leichte-sprache\/wp-content\/uploads\/sites\/2\/2022\/10\/dav_header.jpg\" \/>\n\t<meta property=\"og:image:width\" content=\"2000\" \/>\n\t<meta property=\"og:image:height\" content=\"1000\" \/>\n\t<meta property=\"og:image:type\" content=\"image\/jpeg\" \/>\n<meta name=\"twitter:card\" content=\"summary_large_image\" \/>\n<meta name=\"twitter:label1\" content=\"Gesch\u00e4tzte Lesezeit\" \/>\n\t<meta name=\"twitter:data1\" content=\"3\u00a0Minuten\" \/>\n<script type=\"application\/ld+json\" class=\"yoast-schema-graph\">{\"@context\":\"https:\/\/schema.org\",\"@graph\":[{\"@type\":\"WebPage\",\"@id\":\"https:\/\/www.d-a-v.de\/leichte-sprache\/bodensanierung\/\",\"url\":\"https:\/\/www.d-a-v.de\/leichte-sprache\/bodensanierung\/\",\"name\":\"Bodensanierung - DAV Geb\u00e4udereinigung in Leichter Sprache\",\"isPartOf\":{\"@id\":\"https:\/\/www.d-a-v.de\/leichte-sprache\/#website\"},\"primaryImageOfPage\":{\"@id\":\"https:\/\/www.d-a-v.de\/leichte-sprache\/bodensanierung\/#primaryimage\"},\"image\":{\"@id\":\"https:\/\/www.d-a-v.de\/leichte-sprache\/bodensanierung\/#primaryimage\"},\"thumbnailUrl\":\"https:\/\/www.d-a-v.de\/leichte-sprache\/wp-content\/uploads\/sites\/2\/2022\/10\/dav_header.jpg\",\"datePublished\":\"2022-10-13T13:59:59+00:00\",\"dateModified\":\"2025-03-31T09:19:40+00:00\",\"breadcrumb\":{\"@id\":\"https:\/\/www.d-a-v.de\/leichte-sprache\/bodensanierung\/#breadcrumb\"},\"inLanguage\":\"de\",\"potentialAction\":[{\"@type\":\"ReadAction\",\"target\":[\"https:\/\/www.d-a-v.de\/leichte-sprache\/bodensanierung\/\"]}]},{\"@type\":\"ImageObject\",\"inLanguage\":\"de\",\"@id\":\"https:\/\/www.d-a-v.de\/leichte-sprache\/bodensanierung\/#primaryimage\",\"url\":\"https:\/\/www.d-a-v.de\/leichte-sprache\/wp-content\/uploads\/sites\/2\/2022\/10\/dav_header.jpg\",\"contentUrl\":\"https:\/\/www.d-a-v.de\/leichte-sprache\/wp-content\/uploads\/sites\/2\/2022\/10\/dav_header.jpg\",\"width\":2000,\"height\":1000,\"caption\":\"Helles, modernes Geb\u00e4ude-Interieur mit Glasgel\u00e4ndern, wei\u00dfen Marmors\u00e4ulen und gro\u00dfen Fenstern, die Tageslicht hereinlassen.\"},{\"@type\":\"BreadcrumbList\",\"@id\":\"https:\/\/www.d-a-v.de\/leichte-sprache\/bodensanierung\/#breadcrumb\",\"itemListElement\":[{\"@type\":\"ListItem\",\"position\":1,\"name\":\"Startseite\",\"item\":\"https:\/\/www.d-a-v.de\/leichte-sprache\/\"},{\"@type\":\"ListItem\",\"position\":2,\"name\":\"Bodensanierung\"}]},{\"@type\":\"WebSite\",\"@id\":\"https:\/\/www.d-a-v.de\/leichte-sprache\/#website\",\"url\":\"https:\/\/www.d-a-v.de\/leichte-sprache\/\",\"name\":\"DAV Geb\u00e4udereinigung in Leichter Sprache\",\"description\":\"\",\"potentialAction\":[{\"@type\":\"SearchAction\",\"target\":{\"@type\":\"EntryPoint\",\"urlTemplate\":\"https:\/\/www.d-a-v.de\/leichte-sprache\/?s={search_term_string}\"},\"query-input\":{\"@type\":\"PropertyValueSpecification\",\"valueRequired\":true,\"valueName\":\"search_term_string\"}}],\"inLanguage\":\"de\"}]}<\/script>\n<!-- \/ Yoast SEO plugin. -->","yoast_head_json":{"title":"Bodensanierung - DAV Geb\u00e4udereinigung in Leichter Sprache","robots":{"index":"noindex","follow":"follow","max-snippet":"max-snippet:-1","max-image-preview":"max-image-preview:large","max-video-preview":"max-video-preview:-1"},"og_locale":"de_DE","og_type":"article","og_title":"Bodensanierung - DAV Geb\u00e4udereinigung in Leichter Sprache","og_description":"Boden\u2219sanierung Alte B\u00f6den m\u00fcssen nicht immer ersetzt werden.&nbsp;Wir k\u00f6nnen Ihren [&hellip;]","og_url":"https:\/\/www.d-a-v.de\/leichte-sprache\/bodensanierung\/","og_site_name":"DAV Geb\u00e4udereinigung in Leichter Sprache","article_modified_time":"2025-03-31T09:19:40+00:00","og_image":[{"width":2000,"height":1000,"url":"https:\/\/www.d-a-v.de\/leichte-sprache\/wp-content\/uploads\/sites\/2\/2022\/10\/dav_header.jpg","type":"image\/jpeg"}],"twitter_card":"summary_large_image","twitter_misc":{"Gesch\u00e4tzte Lesezeit":"3\u00a0Minuten"},"schema":{"@context":"https:\/\/schema.org","@graph":[{"@type":"WebPage","@id":"https:\/\/www.d-a-v.de\/leichte-sprache\/bodensanierung\/","url":"https:\/\/www.d-a-v.de\/leichte-sprache\/bodensanierung\/","name":"Bodensanierung - DAV Geb\u00e4udereinigung in Leichter Sprache","isPartOf":{"@id":"https:\/\/www.d-a-v.de\/leichte-sprache\/#website"},"primaryImageOfPage":{"@id":"https:\/\/www.d-a-v.de\/leichte-sprache\/bodensanierung\/#primaryimage"},"image":{"@id":"https:\/\/www.d-a-v.de\/leichte-sprache\/bodensanierung\/#primaryimage"},"thumbnailUrl":"https:\/\/www.d-a-v.de\/leichte-sprache\/wp-content\/uploads\/sites\/2\/2022\/10\/dav_header.jpg","datePublished":"2022-10-13T13:59:59+00:00","dateModified":"2025-03-31T09:19:40+00:00","breadcrumb":{"@id":"https:\/\/www.d-a-v.de\/leichte-sprache\/bodensanierung\/#breadcrumb"},"inLanguage":"de","potentialAction":[{"@type":"ReadAction","target":["https:\/\/www.d-a-v.de\/leichte-sprache\/bodensanierung\/"]}]},{"@type":"ImageObject","inLanguage":"de","@id":"https:\/\/www.d-a-v.de\/leichte-sprache\/bodensanierung\/#primaryimage","url":"https:\/\/www.d-a-v.de\/leichte-sprache\/wp-content\/uploads\/sites\/2\/2022\/10\/dav_header.jpg","contentUrl":"https:\/\/www.d-a-v.de\/leichte-sprache\/wp-content\/uploads\/sites\/2\/2022\/10\/dav_header.jpg","width":2000,"height":1000,"caption":"Helles, modernes Geb\u00e4ude-Interieur mit Glasgel\u00e4ndern, wei\u00dfen Marmors\u00e4ulen und gro\u00dfen Fenstern, die Tageslicht hereinlassen."},{"@type":"BreadcrumbList","@id":"https:\/\/www.d-a-v.de\/leichte-sprache\/bodensanierung\/#breadcrumb","itemListElement":[{"@type":"ListItem","position":1,"name":"Startseite","item":"https:\/\/www.d-a-v.de\/leichte-sprache\/"},{"@type":"ListItem","position":2,"name":"Bodensanierung"}]},{"@type":"WebSite","@id":"https:\/\/www.d-a-v.de\/leichte-sprache\/#website","url":"https:\/\/www.d-a-v.de\/leichte-sprache\/","name":"DAV Geb\u00e4udereinigung in Leichter Sprache","description":"","potentialAction":[{"@type":"SearchAction","target":{"@type":"EntryPoint","urlTemplate":"https:\/\/www.d-a-v.de\/leichte-sprache\/?s={search_term_string}"},"query-input":{"@type":"PropertyValueSpecification","valueRequired":true,"valueName":"search_term_string"}}],"inLanguage":"de"}]}},"uagb_featured_image_src":{"full":["https:\/\/www.d-a-v.de\/leichte-sprache\/wp-content\/uploads\/sites\/2\/2022\/10\/dav_header.jpg",2000,1000,false],"thumbnail":["https:\/\/www.d-a-v.de\/leichte-sprache\/wp-content\/uploads\/sites\/2\/2022\/10\/dav_header-150x150.jpg",150,150,true],"medium":["https:\/\/www.d-a-v.de\/leichte-sprache\/wp-content\/uploads\/sites\/2\/2022\/10\/dav_header-300x150.jpg",300,150,true],"medium_large":["https:\/\/www.d-a-v.de\/leichte-sprache\/wp-content\/uploads\/sites\/2\/2022\/10\/dav_header-768x384.jpg",768,384,true],"large":["https:\/\/www.d-a-v.de\/leichte-sprache\/wp-content\/uploads\/sites\/2\/2022\/10\/dav_header-1024x512.jpg",1024,512,true],"1536x1536":["https:\/\/www.d-a-v.de\/leichte-sprache\/wp-content\/uploads\/sites\/2\/2022\/10\/dav_header-1536x768.jpg",1536,768,true],"2048x2048":["https:\/\/www.d-a-v.de\/leichte-sprache\/wp-content\/uploads\/sites\/2\/2022\/10\/dav_header.jpg",2000,1000,false]},"uagb_author_info":{"display_name":"davadmin","author_link":"https:\/\/www.d-a-v.de\/leichte-sprache\/author\/davadmin\/"},"uagb_comment_info":0,"uagb_excerpt":"Boden\u2219sanierung Alte B\u00f6den m\u00fcssen nicht immer ersetzt werden.&nbsp;Wir k\u00f6nnen Ihren [&hellip;]","_links":{"self":[{"href":"https:\/\/www.d-a-v.de\/leichte-sprache\/wp-json\/wp\/v2\/pages\/48","targetHints":{"allow":["GET"]}}],"collection":[{"href":"https:\/\/www.d-a-v.de\/leichte-sprache\/wp-json\/wp\/v2\/pages"}],"about":[{"href":"https:\/\/www.d-a-v.de\/leichte-sprache\/wp-json\/wp\/v2\/types\/page"}],"author":[{"embeddable":true,"href":"https:\/\/www.d-a-v.de\/leichte-sprache\/wp-json\/wp\/v2\/users\/1"}],"replies":[{"embeddable":true,"href":"https:\/\/www.d-a-v.de\/leichte-sprache\/wp-json\/wp\/v2\/comments?post=48"}],"version-history":[{"count":5,"href":"https:\/\/www.d-a-v.de\/leichte-sprache\/wp-json\/wp\/v2\/pages\/48\/revisions"}],"predecessor-version":[{"id":3011,"href":"https:\/\/www.d-a-v.de\/leichte-sprache\/wp-json\/wp\/v2\/pages\/48\/revisions\/3011"}],"wp:featuredmedia":[{"embeddable":true,"href":"https:\/\/www.d-a-v.de\/leichte-sprache\/wp-json\/wp\/v2\/media\/8"}],"wp:attachment":[{"href":"https:\/\/www.d-a-v.de\/leichte-sprache\/wp-json\/wp\/v2\/media?parent=48"}],"curies":[{"name":"wp","href":"https:\/\/api.w.org\/{rel}","templated":true}]}}