{"id":41,"date":"2022-10-13T15:56:18","date_gmt":"2022-10-13T13:56:18","guid":{"rendered":"https:\/\/kunden.werbestudio-hild.de\/dav\/?page_id=41"},"modified":"2025-03-31T11:17:24","modified_gmt":"2025-03-31T09:17:24","slug":"unterhaltsreinigung","status":"publish","type":"page","link":"https:\/\/www.d-a-v.de\/leichte-sprache\/unterhaltsreinigung\/","title":{"rendered":"Unterhaltsreinigung"},"content":{"rendered":"<div id=\"hero-block_4cc280fab426cbf664761d26144e229a\" class=\"hero\">\n    <div class=\"overlay\"><\/div>\n    <div class=\"slogan\"><\/div>\n    <div class=\"scroll-container\">\n        <div class=\"scroller\"><\/div>\n    <\/div>\n<\/div>\n\n<div id=\"content\"><\/div>\n\n<style type=\"text\/css\">\n        #hero-block_4cc280fab426cbf664761d26144e229a {\n            position: relative;\n            width: 100vw;\n            top: 100px;\n            height: calc(70vh - 100px);\n            background-image: url(https:\/\/www.d-a-v.de\/leichte-sprache\/wp-content\/uploads\/sites\/2\/2025\/03\/1687251563248-scaled-1.jpg);\n            background-attachment: fixed;\n            background-position: bottom;\n            background-size: cover;\n            transition: all 1s;\n            box-shadow: rgb(0 0 0 \/ 69%) 0px 86px 56px -12px inset, rgb(129 148 162 \/ 48%) 0px 198px 36px -18px inset;\n            margin-bottom:100px;\n        }\n        .slogan {\n            position: absolute;\n            font-size: 5vw;\n            font-weight: 900;\n            color: #fff;\n            z-index: 2;\n            padding: 30vh 25vw;\n            text-align: center;\n            font-family: 'Raleway', sans-serif;\n            text-transform: uppercase;\n        }\n\n        .slogan i {\n            font-size: 22px;\n            font-weight: 700;\n            letter-spacing: 1px;\n        }\n        .overlay{\n            width: 100%;\n            height: 100%;\n            z-index: 1;\n            position: absolute;\n            background-color: #111;\n            opacity: 0        }\n        @media(max-width:1024px){\n        #hero-block_4cc280fab426cbf664761d26144e229a{\n                    background-attachment: scroll;\n                }\n        }\n    <\/style>\n\n\n<div style=\"height:100px\" aria-hidden=\"true\" class=\"wp-block-spacer\"><\/div>\n\n\n\n<div class=\"wp-block-group alignwide\"><div class=\"wp-block-group__inner-container is-layout-flow wp-block-group-is-layout-flow\">\n<h1 class=\"wp-block-heading has-text-align-left highlightborder\">Unterhalts\u2219reinigung<\/h1>\n<\/div><\/div>\n\n\n\n<div class=\"wp-block-group alignwide\"><div class=\"wp-block-group__inner-container is-layout-flow wp-block-group-is-layout-flow\">\n<div style=\"height:20px\" aria-hidden=\"true\" class=\"wp-block-spacer\"><\/div>\n\n\n\n<h2 class=\"wp-block-heading\">Industrie\u2219reinigung<\/h2>\n\n\n\n<p>Wir reinigen alle Fl\u00e4chen in der Industrie.<br>Zur Industrie geh\u00f6ren zum Beispiel Werk\u2219hallen oder Maschinen.&nbsp;<br>Wie oft und wie gr\u00fcndlich reinigen wir?<br>Das kann je nach Industrie unterschiedlich sein.<br>Jede Industrie hat n\u00e4mlich andere Anforderungen.&nbsp;<br>Deshalb machen wir die Reinigung passend zu den Anforderungen.<\/p>\n\n\n\n<div style=\"height:50px\" aria-hidden=\"true\" class=\"wp-block-spacer\"><\/div>\n\n\n\n<h2 class=\"wp-block-heading\">B\u00fcro\u2219reinigung<\/h2>\n\n\n\n<p>Diese Aufgaben geh\u00f6ren zur B\u00fcro\u2219reinigung:<\/p>\n\n\n\n<ul class=\"wp-block-list\">\n<li>Wir schmei\u00dfen den M\u00fcll weg.&nbsp;<\/li>\n\n\n\n<li>Wir machen M\u00f6bel, Tische und St\u00fchle sauber.&nbsp;<\/li>\n\n\n\n<li>Wir saugen und wischen Fu\u00df\u2219b\u00f6den.&nbsp;<\/li>\n\n\n\n<li>Wir f\u00fcllen Papier\u2219handt\u00fccher und Toiletten\u2219papier auf.<\/li>\n\n\n\n<li>Wir machen die K\u00fcche und andere R\u00e4ume sauber.&nbsp;<\/li>\n<\/ul>\n\n\n\n<div style=\"height:50px\" aria-hidden=\"true\" class=\"wp-block-spacer\"><\/div>\n\n\n\n<h2 class=\"wp-block-heading\">Treppen\u2219haus\u2219reinigung<\/h2>\n\n\n\n<p>Diese Aufgaben geh\u00f6ren zur Treppen\u2219haus\u2219reinigung:<\/p>\n\n\n\n<ul class=\"wp-block-list\">\n<li>Wir fegen und wischen das Treppen\u2219haus.&nbsp;<\/li>\n\n\n\n<li>Wir wischen das Gel\u00e4nder von der Treppe.&nbsp;<\/li>\n\n\n\n<li>Wir machen die T\u00fcren zum Eingang sauber.<\/li>\n\n\n\n<li>Wir entfernen Spinnweben.&nbsp;<\/li>\n\n\n\n<li>Wir machen die Brief\u2219k\u00e4sten sauber.&nbsp;<\/li>\n\n\n\n<li>Wir machen die Fenster im Treppen\u2219haus sauber.<\/li>\n<\/ul>\n\n\n\n<div style=\"height:100px\" aria-hidden=\"true\" class=\"wp-block-spacer\"><\/div>\n<\/div><\/div>\n\n\n\n<div class=\"wp-block-group alignfull\" id=\"kontakt\"><div class=\"wp-block-group__inner-container is-layout-flow wp-block-group-is-layout-flow\">\n<div style=\"height:50px\" aria-hidden=\"true\" class=\"wp-block-spacer\"><\/div>\n\n\n\n<div class=\"wp-block-columns alignwide is-layout-flex wp-container-core-columns-is-layout-9d6595d7 wp-block-columns-is-layout-flex\">\n<div class=\"wp-block-column is-layout-flow wp-block-column-is-layout-flow\">\n<figure class=\"wp-block-image size-full is-resized\"><img loading=\"lazy\" decoding=\"async\" width=\"600\" height=\"200\" src=\"https:\/\/www.d-a-v.de\/wp-content\/uploads\/2022\/10\/dav_logo_blau.png\" alt=\"\" class=\"wp-image-158\" style=\"width:170px;height:57px\" srcset=\"https:\/\/www.d-a-v.de\/leichte-sprache\/wp-content\/uploads\/sites\/2\/2022\/10\/dav_logo_blau.png 600w, https:\/\/www.d-a-v.de\/leichte-sprache\/wp-content\/uploads\/sites\/2\/2022\/10\/dav_logo_blau-300x100.png 300w\" sizes=\"auto, (max-width: 600px) 100vw, 600px\" \/><\/figure>\n\n\n\n<p><strong>DAV Geb\u00e4udereinigung<\/strong><br>Ludwig Davidsohn GmbH &amp; Co.<br>Winterstra\u00dfe 51b<br>33649 Bielefeld<\/p>\n<\/div>\n\n\n\n<div class=\"wp-block-column is-layout-flow wp-block-column-is-layout-flow\">\n<h3 class=\"wp-block-heading has-text-align-left\"><strong>Unsere B\u00fcrozeite<\/strong>n<br><\/h3>\n\n\n\n<p><strong>Montag bis Donnerstag<\/strong><br>07.45 &#8211; 16.30 Uhr<\/p>\n\n\n\n<p><strong>Freitag<\/strong><br>07.45 &#8211; 14.15 Uhr<\/p>\n<\/div>\n\n\n\n<div class=\"wp-block-column is-layout-flow wp-block-column-is-layout-flow\">\n<h3 class=\"wp-block-heading has-text-align-left\"><strong>Wir freuen uns auf Sie<\/strong><br><\/h3>\n\n\n\n<p><strong><a href=\"mailto:info@d-a-v.de\">info@d-a-v.de<\/a><\/strong><br>0521 &#8211; 400 230<\/p>\n<\/div>\n<\/div>\n\n\n\n<div style=\"height:50px\" aria-hidden=\"true\" class=\"wp-block-spacer\"><\/div>\n<\/div><\/div>\n","protected":false},"excerpt":{"rendered":"<p>Unterhalts\u2219reinigung Industrie\u2219reinigung Wir reinigen alle Fl\u00e4chen in der Industrie.Zur Industrie [&hellip;]<\/p>\n","protected":false},"author":1,"featured_media":8,"parent":0,"menu_order":4,"comment_status":"closed","ping_status":"closed","template":"page-templates\/template-barrierefrei.php","meta":{"_acf_changed":false,"_uag_custom_page_level_css":"","_coblocks_attr":"","_coblocks_dimensions":"","_coblocks_responsive_height":"","_coblocks_accordion_ie_support":"","footnotes":""},"class_list":["post-41","page","type-page","status-publish","has-post-thumbnail","hentry"],"acf":[],"yoast_head":"<!-- This site is optimized with the Yoast SEO plugin v27.2 - https:\/\/yoast.com\/product\/yoast-seo-wordpress\/ -->\n<title>Unterhaltsreinigung - DAV Geb\u00e4udereinigung in Leichter Sprache<\/title>\n<meta name=\"robots\" content=\"noindex, follow, max-snippet:-1, max-image-preview:large, max-video-preview:-1\" \/>\n<meta property=\"og:locale\" content=\"de_DE\" \/>\n<meta property=\"og:type\" content=\"article\" \/>\n<meta property=\"og:title\" content=\"Unterhaltsreinigung - DAV Geb\u00e4udereinigung in Leichter Sprache\" \/>\n<meta property=\"og:description\" content=\"Unterhalts\u2219reinigung Industrie\u2219reinigung Wir reinigen alle Fl\u00e4chen in der Industrie.Zur Industrie [&hellip;]\" \/>\n<meta property=\"og:url\" content=\"https:\/\/www.d-a-v.de\/leichte-sprache\/unterhaltsreinigung\/\" \/>\n<meta property=\"og:site_name\" content=\"DAV Geb\u00e4udereinigung in Leichter Sprache\" \/>\n<meta property=\"article:modified_time\" content=\"2025-03-31T09:17:24+00:00\" \/>\n<meta property=\"og:image\" content=\"https:\/\/www.d-a-v.de\/leichte-sprache\/wp-content\/uploads\/sites\/2\/2022\/10\/dav_header.jpg\" \/>\n\t<meta property=\"og:image:width\" content=\"2000\" \/>\n\t<meta property=\"og:image:height\" content=\"1000\" \/>\n\t<meta property=\"og:image:type\" content=\"image\/jpeg\" \/>\n<meta name=\"twitter:card\" content=\"summary_large_image\" \/>\n<meta name=\"twitter:label1\" content=\"Gesch\u00e4tzte Lesezeit\" \/>\n\t<meta name=\"twitter:data1\" content=\"2\u00a0Minuten\" \/>\n<script type=\"application\/ld+json\" class=\"yoast-schema-graph\">{\"@context\":\"https:\/\/schema.org\",\"@graph\":[{\"@type\":\"WebPage\",\"@id\":\"https:\/\/www.d-a-v.de\/leichte-sprache\/unterhaltsreinigung\/\",\"url\":\"https:\/\/www.d-a-v.de\/leichte-sprache\/unterhaltsreinigung\/\",\"name\":\"Unterhaltsreinigung - DAV Geb\u00e4udereinigung in Leichter Sprache\",\"isPartOf\":{\"@id\":\"https:\/\/www.d-a-v.de\/leichte-sprache\/#website\"},\"primaryImageOfPage\":{\"@id\":\"https:\/\/www.d-a-v.de\/leichte-sprache\/unterhaltsreinigung\/#primaryimage\"},\"image\":{\"@id\":\"https:\/\/www.d-a-v.de\/leichte-sprache\/unterhaltsreinigung\/#primaryimage\"},\"thumbnailUrl\":\"https:\/\/www.d-a-v.de\/leichte-sprache\/wp-content\/uploads\/sites\/2\/2022\/10\/dav_header.jpg\",\"datePublished\":\"2022-10-13T13:56:18+00:00\",\"dateModified\":\"2025-03-31T09:17:24+00:00\",\"breadcrumb\":{\"@id\":\"https:\/\/www.d-a-v.de\/leichte-sprache\/unterhaltsreinigung\/#breadcrumb\"},\"inLanguage\":\"de\",\"potentialAction\":[{\"@type\":\"ReadAction\",\"target\":[\"https:\/\/www.d-a-v.de\/leichte-sprache\/unterhaltsreinigung\/\"]}]},{\"@type\":\"ImageObject\",\"inLanguage\":\"de\",\"@id\":\"https:\/\/www.d-a-v.de\/leichte-sprache\/unterhaltsreinigung\/#primaryimage\",\"url\":\"https:\/\/www.d-a-v.de\/leichte-sprache\/wp-content\/uploads\/sites\/2\/2022\/10\/dav_header.jpg\",\"contentUrl\":\"https:\/\/www.d-a-v.de\/leichte-sprache\/wp-content\/uploads\/sites\/2\/2022\/10\/dav_header.jpg\",\"width\":2000,\"height\":1000,\"caption\":\"Helles, modernes Geb\u00e4ude-Interieur mit Glasgel\u00e4ndern, wei\u00dfen Marmors\u00e4ulen und gro\u00dfen Fenstern, die Tageslicht hereinlassen.\"},{\"@type\":\"BreadcrumbList\",\"@id\":\"https:\/\/www.d-a-v.de\/leichte-sprache\/unterhaltsreinigung\/#breadcrumb\",\"itemListElement\":[{\"@type\":\"ListItem\",\"position\":1,\"name\":\"Startseite\",\"item\":\"https:\/\/www.d-a-v.de\/leichte-sprache\/\"},{\"@type\":\"ListItem\",\"position\":2,\"name\":\"Unterhaltsreinigung\"}]},{\"@type\":\"WebSite\",\"@id\":\"https:\/\/www.d-a-v.de\/leichte-sprache\/#website\",\"url\":\"https:\/\/www.d-a-v.de\/leichte-sprache\/\",\"name\":\"DAV Geb\u00e4udereinigung in Leichter Sprache\",\"description\":\"\",\"potentialAction\":[{\"@type\":\"SearchAction\",\"target\":{\"@type\":\"EntryPoint\",\"urlTemplate\":\"https:\/\/www.d-a-v.de\/leichte-sprache\/?s={search_term_string}\"},\"query-input\":{\"@type\":\"PropertyValueSpecification\",\"valueRequired\":true,\"valueName\":\"search_term_string\"}}],\"inLanguage\":\"de\"}]}<\/script>\n<!-- \/ Yoast SEO plugin. -->","yoast_head_json":{"title":"Unterhaltsreinigung - DAV Geb\u00e4udereinigung in Leichter Sprache","robots":{"index":"noindex","follow":"follow","max-snippet":"max-snippet:-1","max-image-preview":"max-image-preview:large","max-video-preview":"max-video-preview:-1"},"og_locale":"de_DE","og_type":"article","og_title":"Unterhaltsreinigung - DAV Geb\u00e4udereinigung in Leichter Sprache","og_description":"Unterhalts\u2219reinigung Industrie\u2219reinigung Wir reinigen alle Fl\u00e4chen in der Industrie.Zur Industrie [&hellip;]","og_url":"https:\/\/www.d-a-v.de\/leichte-sprache\/unterhaltsreinigung\/","og_site_name":"DAV Geb\u00e4udereinigung in Leichter Sprache","article_modified_time":"2025-03-31T09:17:24+00:00","og_image":[{"width":2000,"height":1000,"url":"https:\/\/www.d-a-v.de\/leichte-sprache\/wp-content\/uploads\/sites\/2\/2022\/10\/dav_header.jpg","type":"image\/jpeg"}],"twitter_card":"summary_large_image","twitter_misc":{"Gesch\u00e4tzte Lesezeit":"2\u00a0Minuten"},"schema":{"@context":"https:\/\/schema.org","@graph":[{"@type":"WebPage","@id":"https:\/\/www.d-a-v.de\/leichte-sprache\/unterhaltsreinigung\/","url":"https:\/\/www.d-a-v.de\/leichte-sprache\/unterhaltsreinigung\/","name":"Unterhaltsreinigung - DAV Geb\u00e4udereinigung in Leichter Sprache","isPartOf":{"@id":"https:\/\/www.d-a-v.de\/leichte-sprache\/#website"},"primaryImageOfPage":{"@id":"https:\/\/www.d-a-v.de\/leichte-sprache\/unterhaltsreinigung\/#primaryimage"},"image":{"@id":"https:\/\/www.d-a-v.de\/leichte-sprache\/unterhaltsreinigung\/#primaryimage"},"thumbnailUrl":"https:\/\/www.d-a-v.de\/leichte-sprache\/wp-content\/uploads\/sites\/2\/2022\/10\/dav_header.jpg","datePublished":"2022-10-13T13:56:18+00:00","dateModified":"2025-03-31T09:17:24+00:00","breadcrumb":{"@id":"https:\/\/www.d-a-v.de\/leichte-sprache\/unterhaltsreinigung\/#breadcrumb"},"inLanguage":"de","potentialAction":[{"@type":"ReadAction","target":["https:\/\/www.d-a-v.de\/leichte-sprache\/unterhaltsreinigung\/"]}]},{"@type":"ImageObject","inLanguage":"de","@id":"https:\/\/www.d-a-v.de\/leichte-sprache\/unterhaltsreinigung\/#primaryimage","url":"https:\/\/www.d-a-v.de\/leichte-sprache\/wp-content\/uploads\/sites\/2\/2022\/10\/dav_header.jpg","contentUrl":"https:\/\/www.d-a-v.de\/leichte-sprache\/wp-content\/uploads\/sites\/2\/2022\/10\/dav_header.jpg","width":2000,"height":1000,"caption":"Helles, modernes Geb\u00e4ude-Interieur mit Glasgel\u00e4ndern, wei\u00dfen Marmors\u00e4ulen und gro\u00dfen Fenstern, die Tageslicht hereinlassen."},{"@type":"BreadcrumbList","@id":"https:\/\/www.d-a-v.de\/leichte-sprache\/unterhaltsreinigung\/#breadcrumb","itemListElement":[{"@type":"ListItem","position":1,"name":"Startseite","item":"https:\/\/www.d-a-v.de\/leichte-sprache\/"},{"@type":"ListItem","position":2,"name":"Unterhaltsreinigung"}]},{"@type":"WebSite","@id":"https:\/\/www.d-a-v.de\/leichte-sprache\/#website","url":"https:\/\/www.d-a-v.de\/leichte-sprache\/","name":"DAV Geb\u00e4udereinigung in Leichter Sprache","description":"","potentialAction":[{"@type":"SearchAction","target":{"@type":"EntryPoint","urlTemplate":"https:\/\/www.d-a-v.de\/leichte-sprache\/?s={search_term_string}"},"query-input":{"@type":"PropertyValueSpecification","valueRequired":true,"valueName":"search_term_string"}}],"inLanguage":"de"}]}},"uagb_featured_image_src":{"full":["https:\/\/www.d-a-v.de\/leichte-sprache\/wp-content\/uploads\/sites\/2\/2022\/10\/dav_header.jpg",2000,1000,false],"thumbnail":["https:\/\/www.d-a-v.de\/leichte-sprache\/wp-content\/uploads\/sites\/2\/2022\/10\/dav_header-150x150.jpg",150,150,true],"medium":["https:\/\/www.d-a-v.de\/leichte-sprache\/wp-content\/uploads\/sites\/2\/2022\/10\/dav_header-300x150.jpg",300,150,true],"medium_large":["https:\/\/www.d-a-v.de\/leichte-sprache\/wp-content\/uploads\/sites\/2\/2022\/10\/dav_header-768x384.jpg",768,384,true],"large":["https:\/\/www.d-a-v.de\/leichte-sprache\/wp-content\/uploads\/sites\/2\/2022\/10\/dav_header-1024x512.jpg",1024,512,true],"1536x1536":["https:\/\/www.d-a-v.de\/leichte-sprache\/wp-content\/uploads\/sites\/2\/2022\/10\/dav_header-1536x768.jpg",1536,768,true],"2048x2048":["https:\/\/www.d-a-v.de\/leichte-sprache\/wp-content\/uploads\/sites\/2\/2022\/10\/dav_header.jpg",2000,1000,false]},"uagb_author_info":{"display_name":"davadmin","author_link":"https:\/\/www.d-a-v.de\/leichte-sprache\/author\/davadmin\/"},"uagb_comment_info":0,"uagb_excerpt":"Unterhalts\u2219reinigung Industrie\u2219reinigung Wir reinigen alle Fl\u00e4chen in der Industrie.Zur Industrie [&hellip;]","_links":{"self":[{"href":"https:\/\/www.d-a-v.de\/leichte-sprache\/wp-json\/wp\/v2\/pages\/41","targetHints":{"allow":["GET"]}}],"collection":[{"href":"https:\/\/www.d-a-v.de\/leichte-sprache\/wp-json\/wp\/v2\/pages"}],"about":[{"href":"https:\/\/www.d-a-v.de\/leichte-sprache\/wp-json\/wp\/v2\/types\/page"}],"author":[{"embeddable":true,"href":"https:\/\/www.d-a-v.de\/leichte-sprache\/wp-json\/wp\/v2\/users\/1"}],"replies":[{"embeddable":true,"href":"https:\/\/www.d-a-v.de\/leichte-sprache\/wp-json\/wp\/v2\/comments?post=41"}],"version-history":[{"count":9,"href":"https:\/\/www.d-a-v.de\/leichte-sprache\/wp-json\/wp\/v2\/pages\/41\/revisions"}],"predecessor-version":[{"id":3008,"href":"https:\/\/www.d-a-v.de\/leichte-sprache\/wp-json\/wp\/v2\/pages\/41\/revisions\/3008"}],"wp:featuredmedia":[{"embeddable":true,"href":"https:\/\/www.d-a-v.de\/leichte-sprache\/wp-json\/wp\/v2\/media\/8"}],"wp:attachment":[{"href":"https:\/\/www.d-a-v.de\/leichte-sprache\/wp-json\/wp\/v2\/media?parent=41"}],"curies":[{"name":"wp","href":"https:\/\/api.w.org\/{rel}","templated":true}]}}