{"id":179,"date":"2022-10-17T14:37:38","date_gmt":"2022-10-17T12:37:38","guid":{"rendered":"https:\/\/kunden.werbestudio-hild.de\/dav\/?page_id=179"},"modified":"2025-03-17T14:22:03","modified_gmt":"2025-03-17T13:22:03","slug":"datenschutz","status":"publish","type":"page","link":"https:\/\/www.d-a-v.de\/leichte-sprache\/datenschutz\/","title":{"rendered":"Datenschutz"},"content":{"rendered":"<div id=\"hero-block_37e9a887bb44ef2610414cce5ba9cbaa\" class=\"hero\">\n    <div class=\"overlay\"><\/div>\n    <div class=\"slogan\"><\/div>\n    <div class=\"scroll-container\">\n        <div class=\"scroller\"><\/div>\n    <\/div>\n<\/div>\n\n<div id=\"content\"><\/div>\n\n<style type=\"text\/css\">\n        #hero-block_37e9a887bb44ef2610414cce5ba9cbaa {\n            position: relative;\n            width: 100vw;\n            top: 100px;\n            height: calc(70vh - 100px);\n            background-image: url(https:\/\/www.d-a-v.de\/leichte-sprache\/wp-content\/uploads\/sites\/2\/2022\/10\/dav_header.jpg);\n            background-attachment: fixed;\n            background-position: center;\n            background-size: cover;\n            transition: all 1s;\n            box-shadow: rgb(0 0 0 \/ 69%) 0px 86px 56px -12px inset, rgb(129 148 162 \/ 48%) 0px 198px 36px -18px inset;\n            margin-bottom:100px;\n        }\n        .slogan {\n            position: absolute;\n            font-size: 5vw;\n            font-weight: 900;\n            color: #fff;\n            z-index: 2;\n            padding: 30vh 25vw;\n            text-align: center;\n            font-family: 'Raleway', sans-serif;\n            text-transform: uppercase;\n        }\n\n        .slogan i {\n            font-size: 22px;\n            font-weight: 700;\n            letter-spacing: 1px;\n        }\n        .overlay{\n            width: 100%;\n            height: 100%;\n            z-index: 1;\n            position: absolute;\n            background-color: #111;\n            opacity: 0        }\n        @media(max-width:1024px){\n        #hero-block_37e9a887bb44ef2610414cce5ba9cbaa{\n                    background-attachment: scroll;\n                }\n        }\n    <\/style>\n\n\n<div style=\"height:100px\" aria-hidden=\"true\" class=\"wp-block-spacer\"><\/div>\n\n\n\n<div class=\"wp-block-group alignwide blocksatz\"><div class=\"wp-block-group__inner-container is-layout-flow wp-block-group-is-layout-flow\">\n<h1 class=\"wp-block-heading has-text-align-left\">Datenschutz<\/h1>\n\n\n\n<p>Sofern innerhalb des Internetangebotes die M\u00f6glichkeit zur Eingabe pers\u00f6nlicher oder gesch\u00e4ftlicher Daten (Emailadressen, Namen, Anschriften) besteht, so erfolgt die Preisgabe dieser Daten seitens des Nutzers auf ausdr\u00fccklich freiwilliger Basis. Die Inanspruchnahme und Bezahlung aller angebotenen Dienste ist \u2013 soweit technisch m\u00f6glich und zumutbar \u2013 auch ohne Angabe solcher Daten bzw. unter Angabe anonymisierter Daten oder eines Pseudonyms gestattet. Die Nutzung der im Rahmen des Impressums oder vergleichbarer Angaben ver\u00f6ffentlichten Kontaktdaten wie Postanschriften, Telefon- und Faxnummern sowie Emailadressen durch Dritte zur \u00dcbersendung von nicht ausdr\u00fccklich angeforderten Informationen ist nicht gestattet. Rechtliche Schritte gegen die Versender von sogenannten Spam-Mails bei Verst\u00f6ssen gegen dieses Verbot sind ausdr\u00fccklich vorbehalten.<\/p>\n\n\n\n<p><strong>Allgemeine Gesch\u00e4ftsbedingungen<\/strong><br><strong>\u00a7 1 Allgemeines \u2013 Geltungsbereich<\/strong><br>1. Die Gesch\u00e4ftsbedingungen gelten f\u00fcr alle gegenw\u00e4rtigen und zuk\u00fcnftigen Gesch\u00e4ftsbeziehungen mit Unternehmen im Sinne des \u00a7 14 des B\u00fcrgerlichen Gesetzbuchs (BGB), juristischen Personen des \u00f6ffentlichen Rechts und \u00f6ffentlich-rechtlichen Sonderverm\u00f6gen.<\/p>\n\n\n\n<p>2. Abweichende oder erg\u00e4nzende Allgemeine Gesch\u00e4ftsbedingungen werden, selbst bei Kenntnis, nur Bestandteil, wenn ihrer Geltung ausdr\u00fccklich zugestimmt wird.<\/p>\n\n\n\n<p><strong>\u00a7 2 Art und Umfang der Leistung<\/strong><br>1. Vereinbarungen zwischen dem Auftraggeber und dem Auftragnehmer sind verbindlich, wenn der Auftraggeber ein Angebot\/ einen Auftrag unterzeichnet, der diese Bedingungen enth\u00e4lt. Dasselbe gilt, wenn der Auftraggeber die schriftliche Auftragsbest\u00e4tigung vor Beginn der Arbeiten erhalten hat.<\/p>\n\n\n\n<p>2. Die Leistungen werden wie im Angebot\/Auftrag vereinbart ausgef\u00fchrt. Auftrags\u00e4nderungen bzw. Auftragserweiterungen haben nur G\u00fcltigkeit, wenn sie nach Art und Umfang schriftlich, im Ausnahmefall m\u00fcndlich, von den hierzu autorisierten Personen festgelegt werden.<\/p>\n\n\n\n<p><strong>\u00a7 3 Abnahme und Gew\u00e4hrleistung<\/strong><br>1. Die Werkleistungen des Auftragnehmers gelten bei wiederkehrenden Leistungen als auftragsgerecht erf\u00fcllt und abgenommen, wenn der Auftraggeber nicht unverz\u00fcglich \u2013 sp\u00e4testens bei Ingebrauchnahme \u2013 schriftlich begr\u00fcndete Einwendungen erhebt. Zeit, Ort, Art und Umfang des Mangels muss dabei genau beschrieben werden.<br>2. Bei einmaligen Werkleistungen (z. B. Bauendreinigung) erfolgt die Abnahme \u2013 ggf. auch abschnittsweise \u2013 sp\u00e4testens drei Tage nach schriftlicher Meldung der Fertigstellung durch den Auftragnehmer. Kommt der Auftraggeber der Aufforderung zur Abnahme nicht nach, gilt das Werk als abgenommen. Bei Nichtwahrnehmung eines Abnahmetermins durch den Auftragnehmer gilt das Werk als nicht abgenommen.<br>3. Werden vom Auftraggeber bei der vertraglich festgelegten Leistung berechtigterweise M\u00e4ngel beanstandet, so ist der Auftragnehmer zur Nacherf\u00fcllung verpflichtet. F\u00fcr M\u00e4ngel und Sch\u00e4den, die darauf zur\u00fcckzuf\u00fchren sind, dass der Auftraggeber wichtige Informationen \u00fcber Art und Beschaffenheit der zu reinigenden Fl\u00e4chen und Gegenst\u00e4nde nicht an den Auftragnehmer weitergegeben hat, wird keine Gew\u00e4hrleistung \u00fcbernommen. Gleiches gilt, wenn der Auftraggeber keine ausreichenden Vorkehrungen f\u00fcr die Zug\u00e4nglichkeit bzw. Erreichbarkeit der zu reinigenden Fl\u00e4chen trifft.<br>4. Wenn der Mangel nicht beseitigt werden kann oder f\u00fcr den Auftraggeber ein weiterer Nacherf\u00fcllungsversuch nicht zumutbar ist, kann der Auftraggeber anstelle der Nacherf\u00fcllung Herabsetzung der Verg\u00fctung (Minderung) verlangen oder den Vertrag k\u00fcndigen. Bei einer nur geringf\u00fcgigen Vertragswidrigkeit, insbesondere bei nur geringf\u00fcgigen M\u00e4ngeln, steht dem Auftraggeber das K\u00fcndigungsrecht nicht zu.<\/p>\n\n\n\n<p>5. Schadenersatz kann nur bei Vorsatz und grober Fahrl\u00e4ssigkeit verlangt werden. Die Ersatzpflicht beschr\u00e4nkt sich auf den vertragstypisch vorhersehbaren Schaden. Bei einmaligen Leistungen ist der Schadensersatz auf die H\u00f6he des vereinbarten Werklohns begrenzt, bei wiederkehrenden Leistungen auf zwei Monatsverg\u00fctungen.<br>6. Die Gew\u00e4hrleistungsfrist betr\u00e4gt 12 Monate.&nbsp;<\/p>\n\n\n\n<p><strong>\u00a7 4 Widerrufsrecht<\/strong><br>1. Vertr\u00e4ge mit Privatkunden<br>Ist der Auftraggeber eine nicht gewerblich t\u00e4tige Person, hat er das Recht, den Vertrag \u00fcber eine Reinigungs- oder Dienstleistung binnen vierzehn Tagen ohne&nbsp;Angabe von Gr\u00fcnden zu widerrufen. Die Widerrufsfrist betr\u00e4gt vierzehn Tage ab dem Tag des Vertragsabschlusses. Um das Widerrufsrecht auszu\u00fcben, muss der Auftraggeber dem Auftragnehmer (DAV Geb\u00e4udereinigung Ludwig Davidsohn GmbH &amp; Co., Am T\u00fcterbach 7, 33649 Bielefeld, Tel. 0521\/400230, Fax 0521\/4002325, E-Mail:&nbsp;<a href=\"s+ab');\">info@d-a-v.de<\/a>) mittels einer eindeutigen Erkl\u00e4rung (z.B. ein mit der Post versandter Brief, Telefax oder E-Mail) \u00fcber den Entschluss, den Vertrag zu widerrufen, informieren. Ein entsprechendes Widerrufsformular ist&nbsp;<a href=\"https:\/\/www.d-a-v.de\/datenschutz\/fileadmin\/user_upload\/Widerrufsformular.pdf\">HIER<\/a>&nbsp;zu finden. Zur Wahrung der Widerrufsfrist reicht es aus, dass der Auftraggeber die Mitteilung \u00fcber die Aus\u00fcbung des Widerrufsrechts vor Ablauf der Widerrufsfrist absendet.<br>2. Folgen des Widerrufs<br>Wird der Vertrag widerrufen, sind alle Zahlungen, die der Auftragnehmer erhalten hat, einschlie\u00dflich der Lieferkosten (mit Ausnahme der zus\u00e4tzlichen Kosten, die sich daraus ergeben, dass der Auftraggeber eine andere Art der Lieferung als die vom Auftragnehmer angebotene, g\u00fcnstigste Standardlieferung gew\u00e4hlt hat), unverz\u00fcglich und sp\u00e4testens binnen vierzehn Tagen ab dem Tag zur\u00fcckzuzahlen, an dem die Mitteilung \u00fcber den Widerruf des Vertrags beim Auftragnehmer eingegangen ist. F\u00fcr diese R\u00fcckzahlung wird dasselbe Zahlungsmittel, das bei der urspr\u00fcnglichen Transaktion eingesetzt worden ist, verwendet, es sei denn, es wurde ausdr\u00fccklich etwas anderes vereinbart; in keinem Fall werden wegen dieser R\u00fcckzahlung Entgelte berechnet. Hat der Auftraggeber verlangt, dass die Dienst-\/Reinigungsleistung w\u00e4hrend der Widerrufsfrist beginnen soll, hat der Auftraggeber einen angemessenen Betrag zu zahlen, der dem Anteil der bis zu dem Zeitpunkt, zu dem der Auftraggeber den Auftragnehmer von der Aus\u00fcbung des Widerrufsrechts hinsichtlich dieses Vertrags unterrichtet hat, bereits erbrachten Dienst-\/Reinigungsleistung im Vergleich zum Gesamtumfang der im Vertrag vorgesehenen Leistung entspricht. Fordert der Auftraggeber den Auftragnehmer ausdr\u00fccklich auf, vor Ablauf der Widerrufsfrist mit den beauftragten Arbeiten zu beginnen, verliert der Auftragnehmer sein Widerrufsrecht bei vollst\u00e4ndiger Vertragserf\u00fcllung durch den Auftragnehmer. (\u00a7356 Abs. 4 BGB)<br>3. Ausschluss<br>a) Bei Notf\u00e4llen und dringenden Reparaturen hat der Auftraggeber kein Recht den Vertrag zu widerrufen.<br>b) Das Widerrufsrecht ist ferner ausgeschlossen, wenn das Angebot im B\u00fcro des Auftragsnehmers vorgelegt und dort unterzeichnet wird, bzw. der Vertragsschluss im B\u00fcro des Auftragsnehmers stattfindet.<\/p>\n\n\n\n<p><strong>\u00a7 5 Aufmass<\/strong><br>1. Die der Abrechnung zugrunde liegenden Ma\u00dfe sind gem\u00e4\u00df den Richtlinien f\u00fcr Vergabe und Abrechnung des Bundesinnungsverbandes des Geb\u00e4udereinigerhandwerks zu ermitteln.<br>2. Falls der Auftraggeber der Ermittlung nicht unverz\u00fcglich widerspricht, gelten die Ma\u00dfe als anerkannt.<br>3. Stellt eine Vertragspartei fest, dass die zugrunde gelegten Ma\u00dfe unrichtig sind, gelten die von Auftraggeber und Auftragnehmer gemeinsam neu festgestellten Ma\u00dfe nur f\u00fcr zuk\u00fcnftige Abrechnungen. Erstattungen oder Nachforderungen f\u00fcr die Vergangenheit sind ausgeschlossen.<\/p>\n\n\n\n<p><strong>\u00a7 6 Preise<\/strong><br>Die im Angebot festgelegten Preise beziehen sich auf die zum Zeitpunkt der Abgabe des Angebotes geltenden tariflichen und gesetzlichen, insbesondere sozialversicherungs- und steuerrechtlichen, Bestimmungen. Bei deren \u00c4nderungen \u00e4ndern sich auch die Preise entsprechend. Die angegebenen Preise sind Nettopreise und verstehen sich zuz\u00fcglich der jeweiligen gesetzlichen Mehrwertsteuer.<\/p>\n\n\n\n<p><strong>\u00a7 7 Sicherheitseinbehalt<\/strong><br>Das Recht des Auftraggebers, Sicherheitsbetr\u00e4ge f\u00fcr die Fertigstellung der vertraglichen Leistungen oder eventuelle Gew\u00e4hrleistungsanspr\u00fcche einzubehalten, ist ausgeschlossen.<\/p>\n\n\n\n<p><strong>\u00a7 8 Haftung<\/strong><br>1. F\u00fcr Sch\u00e4den, die nachweislich auf Reinigungsma\u00dfnahmen zur\u00fcckzuf\u00fchren sind, haftet der Auftragnehmer im Rahmen der von ihm abgeschlossenen Betriebshaftpflichtversicherung. Auf Wunsch des Auftraggebers ist ihm ein konkreter Versicherungsnachweis auszuh\u00e4ndigen. F\u00fcr Sch\u00e4den, die dem Auftragnehmer nicht unverz\u00fcglich gemeldet werden, entf\u00e4llt die Haftung.<br>2. Bei einer Verletzung von Leben, K\u00f6rper oder Gesundheit gelten die gesetzlichen Bestimmungen.<\/p>\n\n\n\n<p><strong>\u00a7 9 Zahlungsbedingungen<\/strong><br>1. Rechnungen sind netto ohne Abzug innerhalb von 7 Tagen nach Erhalt zahlbar. Skontoabz\u00fcge werden nicht anerkannt.<br>2. Monatspauschalen sind bis zum 10. Werktag des Folgemonats f\u00e4llig und zahlbar.<br>3. Bei \u00dcberschreitung des Zahlungszieles werden Verzugszinsen in H\u00f6he von 8 % \u00fcber dem jeweils g\u00fcltigen Basiszinssatz gem\u00e4\u00df \u00a7 247 BGB berechnet. Die Geltendmachung weiterer Verzugssch\u00e4den bleibt vorbehalten.<\/p>\n\n\n\n<p><strong>\u00a7 10 Gerichtsstand<\/strong><br>Als Gerichtsstand gilt ausschlie\u00dflich der Sitz des Auftragnehmers.<\/p>\n\n\n\n<p><strong>\u00a7 11 Datenspeicherung<\/strong><br>Es wird darauf hingewiesen, dass gesch\u00e4ftsnotwendige Daten, soweit im Rahmen des Bundesdatenschutzgesetzes (\u00a7 26 BDSG) zul\u00e4ssig, EDV-m\u00e4\u00dfig gespeichert und verwaltet werden.<\/p>\n\n\n\n<p><strong>\u00a7 12 Teilunwirksamkeit<\/strong><br>Bei Unwirksamkeit einzelner Teile bleibt die Geltung der \u00fcbrigen Bestimmungen erhalten. An Stelle der unwirksamen Klausel soll eine Regelung treten, die dem angestrebten Zweck der urspr\u00fcnglichen Bestimmung rechtlich und wirtschaftlich am n\u00e4chsten kommt.<\/p>\n\n\n\n<p><strong>Datenschutzerkl\u00e4rung f\u00fcr Nutzung von&nbsp;Google Analytics<\/strong><br>Diese Website benutzt Google Analytics, einen Webanalysedienst der Google Inc. (\u201eGoogle\u201c). Google Analytics verwendet sog. \u201eCookies\u201c, Textdateien, die auf Ihrem Computer gespeichert werden und die eine Analyse der Benutzung der Website durch Sie erm\u00f6glichen. Die durch den Cookie erzeugten Informationen \u00fcber Ihre Benutzung dieser Website werden in der Regel an einen Server von Google in den USA \u00fcbertragen und dort gespeichert. Im Falle der Aktivierung der IP-Anonymisierung auf dieser Webseite wird Ihre IP-Adresse von Google jedoch innerhalb von Mitgliedstaaten der Europ\u00e4ischen Union oder in anderen Vertragsstaaten des Abkommens \u00fcber den Europ\u00e4ischen Wirtschaftsraum zuvor gek\u00fcrzt. Nur in Ausnahmef\u00e4llen wird die volle IP-Adresse an einen Server von Google in den USA \u00fcbertragen und dort gek\u00fcrzt. Im Auftrag des Betreibers dieser Website wird Google diese Informationen benutzen, um Ihre Nutzung der Website auszuwerten, um Reports \u00fcber die Websiteaktivit\u00e4ten zusammenzustellen und um weitere mit der Websitenutzung und der Internetnutzung verbundene Dienstleistungen gegen\u00fcber dem Websitebetreiber zu erbringen. Die im Rahmen von Google Analytics von Ihrem Browser \u00fcbermittelte IP-Adresse wird nicht mit anderen Daten von Google zusammengef\u00fchrt. Sie k\u00f6nnen die Speicherung der Cookies durch eine entsprechende Einstellung Ihrer Browser-Software verhindern; wir weisen Sie jedoch darauf hin, dass Sie in diesem Fall gegebenenfalls nicht s\u00e4mtliche Funktionen dieser Website vollumf\u00e4nglich werden nutzen k\u00f6nnen. Sie k\u00f6nnen dar\u00fcber hinaus die Erfassung der durch das Cookie erzeugten und auf Ihre Nutzung der Website bezogenen Daten (inkl. Ihrer IP-Adresse) an Google sowie die Verarbeitung dieser Daten durch Google verhindern, indem sie das unter dem folgenden Link verf\u00fcgbare Browser-Plugin herunterladen und installieren:&nbsp;<a href=\"http:\/\/tools.google.com\/dlpage\/gaoptout?hl=de.&amp;nbsp\" target=\"_blank\" rel=\"noreferrer noopener\">tools.google.com\/dlpage\/gaoptout<\/a>;<\/p>\n<\/div><\/div>\n\n\n\n<div style=\"height:100px\" aria-hidden=\"true\" class=\"wp-block-spacer\"><\/div>\n\n\n\n<div class=\"wp-block-group alignfull\" id=\"kontakt\"><div class=\"wp-block-group__inner-container is-layout-flow wp-block-group-is-layout-flow\">\n<div style=\"height:50px\" aria-hidden=\"true\" class=\"wp-block-spacer\"><\/div>\n\n\n\n<div class=\"wp-block-columns alignwide is-layout-flex wp-container-core-columns-is-layout-9d6595d7 wp-block-columns-is-layout-flex\">\n<div class=\"wp-block-column is-layout-flow wp-block-column-is-layout-flow\">\n<figure class=\"wp-block-image size-full is-resized\"><img loading=\"lazy\" decoding=\"async\" width=\"600\" height=\"200\" src=\"https:\/\/www.d-a-v.de\/wp-content\/uploads\/2022\/10\/dav_logo_blau.png\" alt=\"\" class=\"wp-image-158\" style=\"width:170px;height:57px\" srcset=\"https:\/\/www.d-a-v.de\/leichte-sprache\/wp-content\/uploads\/sites\/2\/2022\/10\/dav_logo_blau.png 600w, https:\/\/www.d-a-v.de\/leichte-sprache\/wp-content\/uploads\/sites\/2\/2022\/10\/dav_logo_blau-300x100.png 300w\" sizes=\"auto, (max-width: 600px) 100vw, 600px\" \/><\/figure>\n\n\n\n<p><strong>DAV Geb\u00e4udereinigung<\/strong><br>Ludwig Davidsohn GmbH &amp; Co.<br>Winterstra\u00dfe 51b<br>33649 Bielefeld<\/p>\n<\/div>\n\n\n\n<div class=\"wp-block-column is-layout-flow wp-block-column-is-layout-flow\">\n<h3 class=\"wp-block-heading has-text-align-left\"><strong>Unsere B\u00fcrozeite<\/strong>n<br><\/h3>\n\n\n\n<p><strong>Montag bis Donnerstag<\/strong><br>07.45 &#8211; 16.30 Uhr<\/p>\n\n\n\n<p><strong>Freitag<\/strong><br>07.45 &#8211; 14.15 Uhr<\/p>\n<\/div>\n\n\n\n<div class=\"wp-block-column is-layout-flow wp-block-column-is-layout-flow\">\n<h3 class=\"wp-block-heading has-text-align-left\"><strong>Wir freuen uns auf Sie<\/strong><br><\/h3>\n\n\n\n<p><strong><a href=\"mailto:info@d-a-v.de\">info@d-a-v.de<\/a><\/strong><br>0521 &#8211; 400 230<\/p>\n<\/div>\n<\/div>\n\n\n\n<div style=\"height:50px\" aria-hidden=\"true\" class=\"wp-block-spacer\"><\/div>\n<\/div><\/div>\n","protected":false},"excerpt":{"rendered":"<p>Datenschutz Sofern innerhalb des Internetangebotes die M\u00f6glichkeit zur Eingabe pers\u00f6nlicher [&hellip;]<\/p>\n","protected":false},"author":1,"featured_media":8,"parent":0,"menu_order":11,"comment_status":"closed","ping_status":"closed","template":"page-templates\/template-barrierefrei.php","meta":{"_acf_changed":false,"_uag_custom_page_level_css":"","_coblocks_attr":"","_coblocks_dimensions":"","_coblocks_responsive_height":"","_coblocks_accordion_ie_support":"","footnotes":""},"class_list":["post-179","page","type-page","status-publish","has-post-thumbnail","hentry"],"acf":[],"yoast_head":"<!-- This site is optimized with the Yoast SEO plugin v27.2 - https:\/\/yoast.com\/product\/yoast-seo-wordpress\/ -->\n<title>Datenschutz - DAV Geb\u00e4udereinigung in Leichter Sprache<\/title>\n<meta name=\"robots\" content=\"noindex, follow, max-snippet:-1, max-image-preview:large, max-video-preview:-1\" \/>\n<meta property=\"og:locale\" content=\"de_DE\" \/>\n<meta property=\"og:type\" content=\"article\" \/>\n<meta property=\"og:title\" content=\"Datenschutz - DAV Geb\u00e4udereinigung in Leichter Sprache\" \/>\n<meta property=\"og:description\" content=\"Datenschutz Sofern innerhalb des Internetangebotes die M\u00f6glichkeit zur Eingabe pers\u00f6nlicher [&hellip;]\" \/>\n<meta property=\"og:url\" content=\"https:\/\/www.d-a-v.de\/leichte-sprache\/datenschutz\/\" \/>\n<meta property=\"og:site_name\" content=\"DAV Geb\u00e4udereinigung in Leichter Sprache\" \/>\n<meta property=\"article:modified_time\" content=\"2025-03-17T13:22:03+00:00\" \/>\n<meta property=\"og:image\" content=\"https:\/\/www.d-a-v.de\/leichte-sprache\/wp-content\/uploads\/sites\/2\/2022\/10\/dav_header.jpg\" \/>\n\t<meta property=\"og:image:width\" content=\"2000\" \/>\n\t<meta property=\"og:image:height\" content=\"1000\" \/>\n\t<meta property=\"og:image:type\" content=\"image\/jpeg\" \/>\n<meta name=\"twitter:card\" content=\"summary_large_image\" \/>\n<meta name=\"twitter:label1\" content=\"Gesch\u00e4tzte Lesezeit\" \/>\n\t<meta name=\"twitter:data1\" content=\"8\u00a0Minuten\" \/>\n<script type=\"application\/ld+json\" class=\"yoast-schema-graph\">{\"@context\":\"https:\/\/schema.org\",\"@graph\":[{\"@type\":\"WebPage\",\"@id\":\"https:\/\/www.d-a-v.de\/leichte-sprache\/datenschutz\/\",\"url\":\"https:\/\/www.d-a-v.de\/leichte-sprache\/datenschutz\/\",\"name\":\"Datenschutz - DAV Geb\u00e4udereinigung in Leichter Sprache\",\"isPartOf\":{\"@id\":\"https:\/\/www.d-a-v.de\/leichte-sprache\/#website\"},\"primaryImageOfPage\":{\"@id\":\"https:\/\/www.d-a-v.de\/leichte-sprache\/datenschutz\/#primaryimage\"},\"image\":{\"@id\":\"https:\/\/www.d-a-v.de\/leichte-sprache\/datenschutz\/#primaryimage\"},\"thumbnailUrl\":\"https:\/\/www.d-a-v.de\/leichte-sprache\/wp-content\/uploads\/sites\/2\/2022\/10\/dav_header.jpg\",\"datePublished\":\"2022-10-17T12:37:38+00:00\",\"dateModified\":\"2025-03-17T13:22:03+00:00\",\"breadcrumb\":{\"@id\":\"https:\/\/www.d-a-v.de\/leichte-sprache\/datenschutz\/#breadcrumb\"},\"inLanguage\":\"de\",\"potentialAction\":[{\"@type\":\"ReadAction\",\"target\":[\"https:\/\/www.d-a-v.de\/leichte-sprache\/datenschutz\/\"]}]},{\"@type\":\"ImageObject\",\"inLanguage\":\"de\",\"@id\":\"https:\/\/www.d-a-v.de\/leichte-sprache\/datenschutz\/#primaryimage\",\"url\":\"https:\/\/www.d-a-v.de\/leichte-sprache\/wp-content\/uploads\/sites\/2\/2022\/10\/dav_header.jpg\",\"contentUrl\":\"https:\/\/www.d-a-v.de\/leichte-sprache\/wp-content\/uploads\/sites\/2\/2022\/10\/dav_header.jpg\",\"width\":2000,\"height\":1000,\"caption\":\"Helles, modernes Geb\u00e4ude-Interieur mit Glasgel\u00e4ndern, wei\u00dfen Marmors\u00e4ulen und gro\u00dfen Fenstern, die Tageslicht hereinlassen.\"},{\"@type\":\"BreadcrumbList\",\"@id\":\"https:\/\/www.d-a-v.de\/leichte-sprache\/datenschutz\/#breadcrumb\",\"itemListElement\":[{\"@type\":\"ListItem\",\"position\":1,\"name\":\"Startseite\",\"item\":\"https:\/\/www.d-a-v.de\/leichte-sprache\/\"},{\"@type\":\"ListItem\",\"position\":2,\"name\":\"Datenschutz\"}]},{\"@type\":\"WebSite\",\"@id\":\"https:\/\/www.d-a-v.de\/leichte-sprache\/#website\",\"url\":\"https:\/\/www.d-a-v.de\/leichte-sprache\/\",\"name\":\"DAV Geb\u00e4udereinigung in Leichter Sprache\",\"description\":\"\",\"potentialAction\":[{\"@type\":\"SearchAction\",\"target\":{\"@type\":\"EntryPoint\",\"urlTemplate\":\"https:\/\/www.d-a-v.de\/leichte-sprache\/?s={search_term_string}\"},\"query-input\":{\"@type\":\"PropertyValueSpecification\",\"valueRequired\":true,\"valueName\":\"search_term_string\"}}],\"inLanguage\":\"de\"}]}<\/script>\n<!-- \/ Yoast SEO plugin. -->","yoast_head_json":{"title":"Datenschutz - DAV Geb\u00e4udereinigung in Leichter Sprache","robots":{"index":"noindex","follow":"follow","max-snippet":"max-snippet:-1","max-image-preview":"max-image-preview:large","max-video-preview":"max-video-preview:-1"},"og_locale":"de_DE","og_type":"article","og_title":"Datenschutz - DAV Geb\u00e4udereinigung in Leichter Sprache","og_description":"Datenschutz Sofern innerhalb des Internetangebotes die M\u00f6glichkeit zur Eingabe pers\u00f6nlicher [&hellip;]","og_url":"https:\/\/www.d-a-v.de\/leichte-sprache\/datenschutz\/","og_site_name":"DAV Geb\u00e4udereinigung in Leichter Sprache","article_modified_time":"2025-03-17T13:22:03+00:00","og_image":[{"width":2000,"height":1000,"url":"https:\/\/www.d-a-v.de\/leichte-sprache\/wp-content\/uploads\/sites\/2\/2022\/10\/dav_header.jpg","type":"image\/jpeg"}],"twitter_card":"summary_large_image","twitter_misc":{"Gesch\u00e4tzte Lesezeit":"8\u00a0Minuten"},"schema":{"@context":"https:\/\/schema.org","@graph":[{"@type":"WebPage","@id":"https:\/\/www.d-a-v.de\/leichte-sprache\/datenschutz\/","url":"https:\/\/www.d-a-v.de\/leichte-sprache\/datenschutz\/","name":"Datenschutz - DAV Geb\u00e4udereinigung in Leichter Sprache","isPartOf":{"@id":"https:\/\/www.d-a-v.de\/leichte-sprache\/#website"},"primaryImageOfPage":{"@id":"https:\/\/www.d-a-v.de\/leichte-sprache\/datenschutz\/#primaryimage"},"image":{"@id":"https:\/\/www.d-a-v.de\/leichte-sprache\/datenschutz\/#primaryimage"},"thumbnailUrl":"https:\/\/www.d-a-v.de\/leichte-sprache\/wp-content\/uploads\/sites\/2\/2022\/10\/dav_header.jpg","datePublished":"2022-10-17T12:37:38+00:00","dateModified":"2025-03-17T13:22:03+00:00","breadcrumb":{"@id":"https:\/\/www.d-a-v.de\/leichte-sprache\/datenschutz\/#breadcrumb"},"inLanguage":"de","potentialAction":[{"@type":"ReadAction","target":["https:\/\/www.d-a-v.de\/leichte-sprache\/datenschutz\/"]}]},{"@type":"ImageObject","inLanguage":"de","@id":"https:\/\/www.d-a-v.de\/leichte-sprache\/datenschutz\/#primaryimage","url":"https:\/\/www.d-a-v.de\/leichte-sprache\/wp-content\/uploads\/sites\/2\/2022\/10\/dav_header.jpg","contentUrl":"https:\/\/www.d-a-v.de\/leichte-sprache\/wp-content\/uploads\/sites\/2\/2022\/10\/dav_header.jpg","width":2000,"height":1000,"caption":"Helles, modernes Geb\u00e4ude-Interieur mit Glasgel\u00e4ndern, wei\u00dfen Marmors\u00e4ulen und gro\u00dfen Fenstern, die Tageslicht hereinlassen."},{"@type":"BreadcrumbList","@id":"https:\/\/www.d-a-v.de\/leichte-sprache\/datenschutz\/#breadcrumb","itemListElement":[{"@type":"ListItem","position":1,"name":"Startseite","item":"https:\/\/www.d-a-v.de\/leichte-sprache\/"},{"@type":"ListItem","position":2,"name":"Datenschutz"}]},{"@type":"WebSite","@id":"https:\/\/www.d-a-v.de\/leichte-sprache\/#website","url":"https:\/\/www.d-a-v.de\/leichte-sprache\/","name":"DAV Geb\u00e4udereinigung in Leichter Sprache","description":"","potentialAction":[{"@type":"SearchAction","target":{"@type":"EntryPoint","urlTemplate":"https:\/\/www.d-a-v.de\/leichte-sprache\/?s={search_term_string}"},"query-input":{"@type":"PropertyValueSpecification","valueRequired":true,"valueName":"search_term_string"}}],"inLanguage":"de"}]}},"uagb_featured_image_src":{"full":["https:\/\/www.d-a-v.de\/leichte-sprache\/wp-content\/uploads\/sites\/2\/2022\/10\/dav_header.jpg",2000,1000,false],"thumbnail":["https:\/\/www.d-a-v.de\/leichte-sprache\/wp-content\/uploads\/sites\/2\/2022\/10\/dav_header-150x150.jpg",150,150,true],"medium":["https:\/\/www.d-a-v.de\/leichte-sprache\/wp-content\/uploads\/sites\/2\/2022\/10\/dav_header-300x150.jpg",300,150,true],"medium_large":["https:\/\/www.d-a-v.de\/leichte-sprache\/wp-content\/uploads\/sites\/2\/2022\/10\/dav_header-768x384.jpg",768,384,true],"large":["https:\/\/www.d-a-v.de\/leichte-sprache\/wp-content\/uploads\/sites\/2\/2022\/10\/dav_header-1024x512.jpg",1024,512,true],"1536x1536":["https:\/\/www.d-a-v.de\/leichte-sprache\/wp-content\/uploads\/sites\/2\/2022\/10\/dav_header-1536x768.jpg",1536,768,true],"2048x2048":["https:\/\/www.d-a-v.de\/leichte-sprache\/wp-content\/uploads\/sites\/2\/2022\/10\/dav_header.jpg",2000,1000,false]},"uagb_author_info":{"display_name":"davadmin","author_link":"https:\/\/www.d-a-v.de\/leichte-sprache\/author\/davadmin\/"},"uagb_comment_info":0,"uagb_excerpt":"Datenschutz Sofern innerhalb des Internetangebotes die M\u00f6glichkeit zur Eingabe pers\u00f6nlicher [&hellip;]","_links":{"self":[{"href":"https:\/\/www.d-a-v.de\/leichte-sprache\/wp-json\/wp\/v2\/pages\/179","targetHints":{"allow":["GET"]}}],"collection":[{"href":"https:\/\/www.d-a-v.de\/leichte-sprache\/wp-json\/wp\/v2\/pages"}],"about":[{"href":"https:\/\/www.d-a-v.de\/leichte-sprache\/wp-json\/wp\/v2\/types\/page"}],"author":[{"embeddable":true,"href":"https:\/\/www.d-a-v.de\/leichte-sprache\/wp-json\/wp\/v2\/users\/1"}],"replies":[{"embeddable":true,"href":"https:\/\/www.d-a-v.de\/leichte-sprache\/wp-json\/wp\/v2\/comments?post=179"}],"version-history":[{"count":3,"href":"https:\/\/www.d-a-v.de\/leichte-sprache\/wp-json\/wp\/v2\/pages\/179\/revisions"}],"predecessor-version":[{"id":2950,"href":"https:\/\/www.d-a-v.de\/leichte-sprache\/wp-json\/wp\/v2\/pages\/179\/revisions\/2950"}],"wp:featuredmedia":[{"embeddable":true,"href":"https:\/\/www.d-a-v.de\/leichte-sprache\/wp-json\/wp\/v2\/media\/8"}],"wp:attachment":[{"href":"https:\/\/www.d-a-v.de\/leichte-sprache\/wp-json\/wp\/v2\/media?parent=179"}],"curies":[{"name":"wp","href":"https:\/\/api.w.org\/{rel}","templated":true}]}}